{"id":1328,"date":"2025-07-14T02:01:41","date_gmt":"2025-07-14T02:01:41","guid":{"rendered":"https:\/\/americanobatista.com.br\/landing-page\/?page_id=1328"},"modified":"2025-09-01T04:35:45","modified_gmt":"2025-09-01T04:35:45","slug":"historia","status":"publish","type":"page","link":"https:\/\/americanobatista.com.br\/landing-page\/historia\/","title":{"rendered":"Hist\u00f3ria"},"content":{"rendered":"\t\t<div data-elementor-type=\"wp-page\" data-elementor-id=\"1328\" class=\"elementor elementor-1328\">\n\t\t\t\t<div class=\"elementor-element elementor-element-4e430c1 e-flex e-con-boxed e-con e-parent\" data-id=\"4e430c1\" data-element_type=\"container\">\n\t\t\t\t\t<div class=\"e-con-inner\">\n\t\t\t\t<div class=\"elementor-element elementor-element-d4bb1bf elementor-widget elementor-widget-image\" data-id=\"d4bb1bf\" data-element_type=\"widget\" data-widget_type=\"image.default\">\n\t\t\t\t\t\t\t\t\t\t\t\t\t\t\t<img fetchpriority=\"high\" decoding=\"async\" width=\"1600\" height=\"527\" src=\"https:\/\/americanobatista.com.br\/landing-page\/wp-content\/uploads\/2025\/09\/Imagem-do-WhatsApp-de-2025-08-25-as-20.34.26_d6e2d667.jpg\" class=\"attachment-full size-full wp-image-2489\" alt=\"\" srcset=\"https:\/\/americanobatista.com.br\/landing-page\/wp-content\/uploads\/2025\/09\/Imagem-do-WhatsApp-de-2025-08-25-as-20.34.26_d6e2d667.jpg 1600w, https:\/\/americanobatista.com.br\/landing-page\/wp-content\/uploads\/2025\/09\/Imagem-do-WhatsApp-de-2025-08-25-as-20.34.26_d6e2d667-300x99.jpg 300w, https:\/\/americanobatista.com.br\/landing-page\/wp-content\/uploads\/2025\/09\/Imagem-do-WhatsApp-de-2025-08-25-as-20.34.26_d6e2d667-1024x337.jpg 1024w, https:\/\/americanobatista.com.br\/landing-page\/wp-content\/uploads\/2025\/09\/Imagem-do-WhatsApp-de-2025-08-25-as-20.34.26_d6e2d667-768x253.jpg 768w, https:\/\/americanobatista.com.br\/landing-page\/wp-content\/uploads\/2025\/09\/Imagem-do-WhatsApp-de-2025-08-25-as-20.34.26_d6e2d667-1536x506.jpg 1536w\" sizes=\"(max-width: 1600px) 100vw, 1600px\" \/>\t\t\t\t\t\t\t\t\t\t\t\t\t\t\t<\/div>\n\t\t\t\t\t<\/div>\n\t\t\t\t<\/div>\n\t\t<div class=\"elementor-element elementor-element-26a8008 e-flex e-con-boxed e-con e-parent\" data-id=\"26a8008\" data-element_type=\"container\" data-settings=\"{&quot;background_background&quot;:&quot;classic&quot;}\">\n\t\t\t\t\t<div class=\"e-con-inner\">\n\t\t\t\t<div class=\"elementor-element elementor-element-a03bd71 elementor-widget elementor-widget-text-editor\" data-id=\"a03bd71\" data-element_type=\"widget\" data-widget_type=\"text-editor.default\">\n\t\t\t\t\t\t\t\t\t<div id=\"qleditor\" class=\"qleditor ql-container ql-snow\"><h4>\u00a0<\/h4><h4 data-start=\"209\" data-end=\"230\"><strong data-start=\"212\" data-end=\"230\">Nossa Hist\u00f3ria<\/strong><\/h4><h4 data-start=\"232\" data-end=\"659\">O Col\u00e9gio Americano Batista nasceu em 1906, no cora\u00e7\u00e3o do Recife, como fruto da vis\u00e3o do mission\u00e1rio norte-americano W.H. Canad\u00e1. Movido pelo desejo de transformar vidas por meio da educa\u00e7\u00e3o, ele fundou uma escola voltada para crian\u00e7as sem acesso ao ensino particular. A primeira sala funcionou em um casebre ao lado da Primeira Igreja Batista do Recife, com apenas 13 alunos. Era o in\u00edcio de uma jornada que marcaria gera\u00e7\u00f5es.<\/h4><h4 data-start=\"661\" data-end=\"1219\">Com o crescimento da institui\u00e7\u00e3o, em 1919, o mission\u00e1rio H.H. Muirhead adquiriu uma ch\u00e1cara no atual bairro do Parque Amorim. A localiza\u00e7\u00e3o estrat\u00e9gica permitiu acesso f\u00e1cil a fam\u00edlias de diversos bairros recifenses. Nesse novo espa\u00e7o, ergueu-se o primeiro edif\u00edcio do col\u00e9gio, batizado com o nome do professor Alfredo Freyre \u2014 homenageado por seu papel decisivo na aquisi\u00e7\u00e3o do terreno. O projeto arquitet\u00f4nico foi inspirado na Casa Branca, sede do governo dos Estados Unidos, simbolizando a conex\u00e3o hist\u00f3rica e cultural com o pa\u00eds de origem dos fundadores.<\/h4><h4 data-start=\"1221\" data-end=\"1610\">Desde sempre, o Col\u00e9gio Americano Batista carrega a marca da inova\u00e7\u00e3o. Foi pioneiro em oferecer turmas mistas, incluir o Jardim da Inf\u00e2ncia em sua grade e incentivar pr\u00e1ticas pedag\u00f3gicas modernas sem abrir m\u00e3o da excel\u00eancia acad\u00eamica. A educa\u00e7\u00e3o no CAB vai al\u00e9m do conte\u00fado: forma o car\u00e1ter, fortalece valores crist\u00e3os e estimula a criatividade, o senso cr\u00edtico e o amor pelo conhecimento.<\/h4><h4 data-start=\"1612\" data-end=\"1851\">Fora da sala de aula, o CAB tamb\u00e9m fez hist\u00f3ria. Foi o primeiro col\u00e9gio de Pernambuco a formar uma equipe de voleibol e segue promovendo atividades art\u00edsticas, cient\u00edficas e esportivas que ampliam o desenvolvimento integral dos estudantes.<\/h4><h4 data-start=\"1853\" data-end=\"2030\">Com mais de um s\u00e9culo de trajet\u00f3ria, o Col\u00e9gio Americano Batista segue firme em sua miss\u00e3o: educar com qualidade, f\u00e9 e compromisso com o futuro, sem jamais esquecer suas ra\u00edzes.<\/h4><\/div>\t\t\t\t\t\t\t\t<\/div>\n\t\t\t\t\t<\/div>\n\t\t\t\t<\/div>\n\t\t\t\t<\/div>\n\t\t","protected":false},"excerpt":{"rendered":"<p>\u00a0 Nossa Hist\u00f3ria O Col\u00e9gio Americano Batista nasceu em 1906, no cora\u00e7\u00e3o do Recife, como fruto da vis\u00e3o do mission\u00e1rio norte-americano W.H. Canad\u00e1. Movido pelo desejo de transformar vidas por meio da educa\u00e7\u00e3o, ele fundou uma escola voltada para crian\u00e7as sem acesso ao ensino particular. A primeira sala funcionou em um casebre ao lado da [&hellip;]<\/p>\n","protected":false},"author":1,"featured_media":0,"parent":0,"menu_order":0,"comment_status":"closed","ping_status":"closed","template":"elementor_header_footer","meta":{"_monsterinsights_skip_tracking":false,"_monsterinsights_sitenote_active":false,"_monsterinsights_sitenote_note":"","_monsterinsights_sitenote_category":0,"footnotes":""},"class_list":["post-1328","page","type-page","status-publish","hentry"],"_links":{"self":[{"href":"https:\/\/americanobatista.com.br\/landing-page\/wp-json\/wp\/v2\/pages\/1328","targetHints":{"allow":["GET"]}}],"collection":[{"href":"https:\/\/americanobatista.com.br\/landing-page\/wp-json\/wp\/v2\/pages"}],"about":[{"href":"https:\/\/americanobatista.com.br\/landing-page\/wp-json\/wp\/v2\/types\/page"}],"author":[{"embeddable":true,"href":"https:\/\/americanobatista.com.br\/landing-page\/wp-json\/wp\/v2\/users\/1"}],"replies":[{"embeddable":true,"href":"https:\/\/americanobatista.com.br\/landing-page\/wp-json\/wp\/v2\/comments?post=1328"}],"version-history":[{"count":0,"href":"https:\/\/americanobatista.com.br\/landing-page\/wp-json\/wp\/v2\/pages\/1328\/revisions"}],"wp:attachment":[{"href":"https:\/\/americanobatista.com.br\/landing-page\/wp-json\/wp\/v2\/media?parent=1328"}],"curies":[{"name":"wp","href":"https:\/\/api.w.org\/{rel}","templated":true}]}}