{"id":1331,"date":"2025-07-14T02:02:11","date_gmt":"2025-07-14T02:02:11","guid":{"rendered":"https:\/\/americanobatista.com.br\/landing-page\/?page_id=1331"},"modified":"2025-09-01T04:47:46","modified_gmt":"2025-09-01T04:47:46","slug":"missao-visao-e-valores","status":"publish","type":"page","link":"https:\/\/americanobatista.com.br\/landing-page\/missao-visao-e-valores\/","title":{"rendered":"Miss\u00e3o, Vis\u00e3o e Valores"},"content":{"rendered":"\t\t<div data-elementor-type=\"wp-page\" data-elementor-id=\"1331\" class=\"elementor elementor-1331\">\n\t\t\t\t<div class=\"elementor-element elementor-element-0a98bbb e-flex e-con-boxed e-con e-parent\" data-id=\"0a98bbb\" data-element_type=\"container\">\n\t\t\t\t\t<div class=\"e-con-inner\">\n\t\t\t\t<div class=\"elementor-element elementor-element-6be6187 elementor-widget elementor-widget-image\" data-id=\"6be6187\" data-element_type=\"widget\" data-widget_type=\"image.default\">\n\t\t\t\t\t\t\t\t\t\t\t\t\t\t\t<img fetchpriority=\"high\" decoding=\"async\" width=\"1600\" height=\"527\" src=\"https:\/\/americanobatista.com.br\/landing-page\/wp-content\/uploads\/2025\/09\/Imagem-do-WhatsApp-de-2025-08-25-as-20.34.26_d6e2d667.jpg\" class=\"attachment-full size-full wp-image-2489\" alt=\"\" srcset=\"https:\/\/americanobatista.com.br\/landing-page\/wp-content\/uploads\/2025\/09\/Imagem-do-WhatsApp-de-2025-08-25-as-20.34.26_d6e2d667.jpg 1600w, https:\/\/americanobatista.com.br\/landing-page\/wp-content\/uploads\/2025\/09\/Imagem-do-WhatsApp-de-2025-08-25-as-20.34.26_d6e2d667-300x99.jpg 300w, https:\/\/americanobatista.com.br\/landing-page\/wp-content\/uploads\/2025\/09\/Imagem-do-WhatsApp-de-2025-08-25-as-20.34.26_d6e2d667-1024x337.jpg 1024w, https:\/\/americanobatista.com.br\/landing-page\/wp-content\/uploads\/2025\/09\/Imagem-do-WhatsApp-de-2025-08-25-as-20.34.26_d6e2d667-768x253.jpg 768w, https:\/\/americanobatista.com.br\/landing-page\/wp-content\/uploads\/2025\/09\/Imagem-do-WhatsApp-de-2025-08-25-as-20.34.26_d6e2d667-1536x506.jpg 1536w\" sizes=\"(max-width: 1600px) 100vw, 1600px\" \/>\t\t\t\t\t\t\t\t\t\t\t\t\t\t\t<\/div>\n\t\t\t\t\t<\/div>\n\t\t\t\t<\/div>\n\t\t<div class=\"elementor-element elementor-element-2049813 e-flex e-con-boxed e-con e-parent\" data-id=\"2049813\" data-element_type=\"container\" data-settings=\"{&quot;background_background&quot;:&quot;classic&quot;}\">\n\t\t\t\t\t<div class=\"e-con-inner\">\n\t\t\t\t<div class=\"elementor-element elementor-element-c87dea8 elementor-widget elementor-widget-text-editor\" data-id=\"c87dea8\" data-element_type=\"widget\" data-widget_type=\"text-editor.default\">\n\t\t\t\t\t\t\t\t\t<h1 style=\"margin: 0px 0px 15px; font-weight: 600; font-size: 46px; font-family: Fredoka, sans-serif; color: #588ec1;\"><span style=\"font-size: 16px; display: block; color: #999999; text-transform: uppercase;\">Institucional<\/span>Vis\u00e3o, Miss\u00e3o e Valores<\/h1><div style=\"color: #444444; font-family: Jost, sans-serif; font-size: 16px;\"><blockquote><h4 style=\"margin: 0px 0px 18px; line-height: 1.75;\"><span style=\"font-weight: bolder;\">VIS\u00c3O<\/span><\/h4><h4 style=\"margin: 0px 0px 18px; line-height: 1.75;\">Ser um centro de refer\u00eancia em educa\u00e7\u00e3o, que prima sempre pela forma\u00e7\u00e3o integral dos alunos, atrav\u00e9s da concep\u00e7\u00e3o de princ\u00edpios b\u00edblicos e transmiss\u00e3o de conhecimentos e valores \u00e9ticos e morais, que os fa\u00e7am tornarem-se cidad\u00e3os comprometidos com a constru\u00e7\u00e3o de uma sociedade igualit\u00e1ria, justa e crist\u00e3.<\/h4><h4 style=\"margin: 0px 0px 18px; line-height: 1.75;\"><span style=\"font-weight: bolder;\">MISS\u00c3O<\/span><\/h4><h4 style=\"margin: 0px 0px 18px; line-height: 1.75;\">Dar oportunidade e incentivo ao desenvolvimento integral do aluno, atrav\u00e9s de uma educa\u00e7\u00e3o de qualidade, alicer\u00e7ada em princ\u00edpios que possibilitem sua autorealiza\u00e7\u00e3o e o pleno exerc\u00edcio da cidadania.<\/h4><h4 style=\"margin: 0px 0px 18px; line-height: 1.75;\"><span style=\"font-weight: bolder;\">VALORES<\/span><\/h4><h4 style=\"margin: 0px 0px 18px; line-height: 1.75;\">&#8211; Educa\u00e7\u00e3ode qualidade<\/h4><h4 style=\"margin: 0px 0px 18px; line-height: 1.75;\">&#8211; Princ\u00edpios b\u00edblicos<\/h4><h4 style=\"margin: 0px 0px 18px; line-height: 1.75;\">&#8211; Integra\u00e7\u00e3o familiar<\/h4><h4 style=\"margin: 0px 0px 18px; line-height: 1.75;\">&#8211; Responsabilidade ambiental e social<\/h4><h4 style=\"margin: 0px 0px 18px; line-height: 1.75;\">&#8211; \u00c9tica e respeito<\/h4><\/blockquote><h4 style=\"margin: 0px 0px 18px; line-height: 1.75;\">\u00a0<\/h4><\/div>\t\t\t\t\t\t\t\t<\/div>\n\t\t\t\t\t<\/div>\n\t\t\t\t<\/div>\n\t\t\t\t<\/div>\n\t\t","protected":false},"excerpt":{"rendered":"<p>InstitucionalVis\u00e3o, Miss\u00e3o e Valores VIS\u00c3O Ser um centro de refer\u00eancia em educa\u00e7\u00e3o, que prima sempre pela forma\u00e7\u00e3o integral dos alunos, atrav\u00e9s da concep\u00e7\u00e3o de princ\u00edpios b\u00edblicos e transmiss\u00e3o de conhecimentos e valores \u00e9ticos e morais, que os fa\u00e7am tornarem-se cidad\u00e3os comprometidos com a constru\u00e7\u00e3o de uma sociedade igualit\u00e1ria, justa e crist\u00e3. MISS\u00c3O Dar oportunidade e [&hellip;]<\/p>\n","protected":false},"author":1,"featured_media":0,"parent":0,"menu_order":0,"comment_status":"closed","ping_status":"closed","template":"","meta":{"_monsterinsights_skip_tracking":false,"_monsterinsights_sitenote_active":false,"_monsterinsights_sitenote_note":"","_monsterinsights_sitenote_category":0,"footnotes":""},"class_list":["post-1331","page","type-page","status-publish","hentry"],"_links":{"self":[{"href":"https:\/\/americanobatista.com.br\/landing-page\/wp-json\/wp\/v2\/pages\/1331","targetHints":{"allow":["GET"]}}],"collection":[{"href":"https:\/\/americanobatista.com.br\/landing-page\/wp-json\/wp\/v2\/pages"}],"about":[{"href":"https:\/\/americanobatista.com.br\/landing-page\/wp-json\/wp\/v2\/types\/page"}],"author":[{"embeddable":true,"href":"https:\/\/americanobatista.com.br\/landing-page\/wp-json\/wp\/v2\/users\/1"}],"replies":[{"embeddable":true,"href":"https:\/\/americanobatista.com.br\/landing-page\/wp-json\/wp\/v2\/comments?post=1331"}],"version-history":[{"count":0,"href":"https:\/\/americanobatista.com.br\/landing-page\/wp-json\/wp\/v2\/pages\/1331\/revisions"}],"wp:attachment":[{"href":"https:\/\/americanobatista.com.br\/landing-page\/wp-json\/wp\/v2\/media?parent=1331"}],"curies":[{"name":"wp","href":"https:\/\/api.w.org\/{rel}","templated":true}]}}