{"id":1335,"date":"2025-07-14T02:03:39","date_gmt":"2025-07-14T02:03:39","guid":{"rendered":"https:\/\/americanobatista.com.br\/landing-page\/?page_id=1335"},"modified":"2025-09-03T13:51:54","modified_gmt":"2025-09-03T13:51:54","slug":"programa-socioemocional","status":"publish","type":"page","link":"https:\/\/americanobatista.com.br\/landing-page\/programa-socioemocional\/","title":{"rendered":"Ensino Religioso"},"content":{"rendered":"\t\t<div data-elementor-type=\"wp-page\" data-elementor-id=\"1335\" class=\"elementor elementor-1335\">\n\t\t\t\t<div class=\"elementor-element elementor-element-cc3cb2e e-flex e-con-boxed e-con e-parent\" data-id=\"cc3cb2e\" data-element_type=\"container\">\n\t\t\t\t\t<div class=\"e-con-inner\">\n\t\t\t\t<div class=\"elementor-element elementor-element-abf4e3e elementor-widget elementor-widget-image\" data-id=\"abf4e3e\" data-element_type=\"widget\" data-widget_type=\"image.default\">\n\t\t\t\t\t\t\t\t\t\t\t\t\t\t\t<img fetchpriority=\"high\" decoding=\"async\" width=\"1600\" height=\"527\" src=\"https:\/\/americanobatista.com.br\/landing-page\/wp-content\/uploads\/2025\/09\/Imagem-do-WhatsApp-de-2025-08-25-a_s_-20.34.26_1505d88e.webp\" class=\"attachment-full size-full wp-image-2774\" alt=\"\" srcset=\"https:\/\/americanobatista.com.br\/landing-page\/wp-content\/uploads\/2025\/09\/Imagem-do-WhatsApp-de-2025-08-25-a_s_-20.34.26_1505d88e.webp 1600w, https:\/\/americanobatista.com.br\/landing-page\/wp-content\/uploads\/2025\/09\/Imagem-do-WhatsApp-de-2025-08-25-a_s_-20.34.26_1505d88e-300x99.webp 300w, https:\/\/americanobatista.com.br\/landing-page\/wp-content\/uploads\/2025\/09\/Imagem-do-WhatsApp-de-2025-08-25-a_s_-20.34.26_1505d88e-1024x337.webp 1024w, https:\/\/americanobatista.com.br\/landing-page\/wp-content\/uploads\/2025\/09\/Imagem-do-WhatsApp-de-2025-08-25-a_s_-20.34.26_1505d88e-768x253.webp 768w, https:\/\/americanobatista.com.br\/landing-page\/wp-content\/uploads\/2025\/09\/Imagem-do-WhatsApp-de-2025-08-25-a_s_-20.34.26_1505d88e-1536x506.webp 1536w\" sizes=\"(max-width: 1600px) 100vw, 1600px\" \/>\t\t\t\t\t\t\t\t\t\t\t\t\t\t\t<\/div>\n\t\t\t\t\t<\/div>\n\t\t\t\t<\/div>\n\t\t<div class=\"elementor-element elementor-element-d3807af e-flex e-con-boxed e-con e-parent\" data-id=\"d3807af\" data-element_type=\"container\">\n\t\t\t\t\t<div class=\"e-con-inner\">\n\t\t\t\t<div class=\"elementor-element elementor-element-f131703 elementor-widget elementor-widget-text-editor\" data-id=\"f131703\" data-element_type=\"widget\" data-widget_type=\"text-editor.default\">\n\t\t\t\t\t\t\t\t\t<h2><span style=\"color: #f26521;\"><strong>Ensino Religioso<\/strong><\/span><\/h2><h4>O Componente curricular do Ensino Religioso tem um direcionamento exclusivamente pautado em princ\u00edpios e valores ensinados por Jesus Cristo, conforme expressos na Palavra de Deus.\u00a0<br \/>Com base em cinco pilares fundantes:<\/h4>\t\t\t\t\t\t\t\t<\/div>\n\t\t\t\t\t<\/div>\n\t\t\t\t<\/div>\n\t\t<div class=\"elementor-element elementor-element-0be4ede e-flex e-con-boxed e-con e-parent\" data-id=\"0be4ede\" data-element_type=\"container\">\n\t\t\t\t\t<div class=\"e-con-inner\">\n\t\t<div class=\"elementor-element elementor-element-4cbd8d2 e-con-full e-flex e-con e-child\" data-id=\"4cbd8d2\" data-element_type=\"container\">\n\t\t\t\t<div class=\"elementor-element elementor-element-6c9c2f8 elementor-widget elementor-widget-text-editor\" data-id=\"6c9c2f8\" data-element_type=\"widget\" data-widget_type=\"text-editor.default\">\n\t\t\t\t\t\t\t\t\t<h1 style=\"color: #4e4e4e; font-family: Poppins, sans-serif;\"><span style=\"font-weight: bolder;\"><span style=\"color: #002141;\">01.<\/span><\/span><\/h1><h3><span style=\"color: #ff5a00;\"><span style=\"font-weight: bolder;\">Deus como soberano, criador e sustentador do universo;<\/span><\/span><\/h3><h5 style=\"color: #4e4e4e; font-family: Poppins, sans-serif;\">Apresentar Deus como aquele que tem todo o poder para dirigir, criar e manter tudo que existe no mundo, inclusive o ser humano.\u00a0<\/h5>\t\t\t\t\t\t\t\t<\/div>\n\t\t\t\t<\/div>\n\t\t<div class=\"elementor-element elementor-element-34bef0e e-con-full e-flex e-con e-child\" data-id=\"34bef0e\" data-element_type=\"container\">\n\t\t\t\t<div class=\"elementor-element elementor-element-3ae0713 elementor-widget elementor-widget-text-editor\" data-id=\"3ae0713\" data-element_type=\"widget\" data-widget_type=\"text-editor.default\">\n\t\t\t\t\t\t\t\t\t<h1><strong><span style=\"color: #002141;\">02.<\/span><\/strong><\/h1><h3><span style=\"color: #ff5a00;\"><strong>Jesus Cristo como Messias e Salvador da nossa vida;<\/strong><\/span><\/h3><h5>Apresentar o Filho de Deus sob a perspectiva de sua a\u00e7\u00e3o salvadora, por meio de seus ensinos e exemplo de vida.<\/h5>\t\t\t\t\t\t\t\t<\/div>\n\t\t\t\t<\/div>\n\t\t\t\t\t<\/div>\n\t\t\t\t<\/div>\n\t\t<div class=\"elementor-element elementor-element-a7cf7d2 e-flex e-con-boxed e-con e-parent\" data-id=\"a7cf7d2\" data-element_type=\"container\">\n\t\t\t\t\t<div class=\"e-con-inner\">\n\t\t<div class=\"elementor-element elementor-element-0c5b692 e-con-full e-flex e-con e-child\" data-id=\"0c5b692\" data-element_type=\"container\">\n\t\t\t\t<div class=\"elementor-element elementor-element-54e04a1 elementor-widget elementor-widget-text-editor\" data-id=\"54e04a1\" data-element_type=\"widget\" data-widget_type=\"text-editor.default\">\n\t\t\t\t\t\t\t\t\t<h1 style=\"color: #4e4e4e; font-family: Poppins, sans-serif;\"><span style=\"font-weight: bolder;\"><span style=\"color: #002141;\">03.<\/span><\/span><\/h1><h3 style=\"color: #4e4e4e; font-family: Poppins, sans-serif;\"><span style=\"color: #ff5a00;\"><span style=\"font-weight: bolder;\">A B\u00edblia como regra de f\u00e9 e pr\u00e1tica;<\/span><\/span><\/h3><h5 style=\"color: #4e4e4e; font-family: Poppins, sans-serif;\">Ensinar princ\u00edpios b\u00edblicos como fundamento para a vida cotidiana, na constru\u00e7\u00e3o de valores que servir\u00e3o como padr\u00e3o de sucesso.<\/h5>\t\t\t\t\t\t\t\t<\/div>\n\t\t\t\t<\/div>\n\t\t<div class=\"elementor-element elementor-element-2b4994c e-con-full e-flex e-con e-child\" data-id=\"2b4994c\" data-element_type=\"container\">\n\t\t\t\t<div class=\"elementor-element elementor-element-f25cbcf elementor-widget elementor-widget-text-editor\" data-id=\"f25cbcf\" data-element_type=\"widget\" data-widget_type=\"text-editor.default\">\n\t\t\t\t\t\t\t\t\t<h1><strong><span style=\"color: #002141;\">04.<\/span><\/strong><\/h1><h3><strong><span style=\"color: #ff5a00;\">Amor a Deus, a si mesmo e ao pr\u00f3ximo;<\/span><\/strong><\/h3><h5>Despertar no estudante a consci\u00eancia do seu dever de obedecer a Deus, amar a si mesmo &#8211; aprendendo a autoconhecer-se e reconciliar-se consigo &#8211; , e compartilhar com o outro o amor que gera vida.<\/h5>\t\t\t\t\t\t\t\t<\/div>\n\t\t\t\t<\/div>\n\t\t\t\t\t<\/div>\n\t\t\t\t<\/div>\n\t\t<div class=\"elementor-element elementor-element-6224468 e-flex e-con-boxed e-con e-parent\" data-id=\"6224468\" data-element_type=\"container\">\n\t\t\t\t\t<div class=\"e-con-inner\">\n\t\t\t\t<div class=\"elementor-element elementor-element-dd3f59e elementor-widget__width-initial elementor-widget elementor-widget-text-editor\" data-id=\"dd3f59e\" data-element_type=\"widget\" data-widget_type=\"text-editor.default\">\n\t\t\t\t\t\t\t\t\t<h1 style=\"color: #4e4e4e; font-family: Poppins, sans-serif;\"><span style=\"font-weight: bolder;\"><span style=\"color: #002141;\">05.<\/span><\/span><\/h1><h3 style=\"color: #4e4e4e; font-family: Poppins, sans-serif;\"><span style=\"color: #ff5a00;\"><span style=\"font-weight: bolder;\">Cuidado com a cria\u00e7\u00e3o como presente de Deus;<\/span><\/span><\/h3><h5>Promover a conscientiza\u00e7\u00e3o da nossa responsabilidade como agentes de conserva\u00e7\u00e3o do meio ambiante e bons administradores das ben\u00e7\u00e3o de Deus.<\/h5>\t\t\t\t\t\t\t\t<\/div>\n\t\t\t\t\t<\/div>\n\t\t\t\t<\/div>\n\t\t<div class=\"elementor-element elementor-element-b509311 e-flex e-con-boxed e-con e-parent\" data-id=\"b509311\" data-element_type=\"container\">\n\t\t\t\t\t<div class=\"e-con-inner\">\n\t\t\t\t<div class=\"elementor-element elementor-element-bf3c810 elementor-widget elementor-widget-text-editor\" data-id=\"bf3c810\" data-element_type=\"widget\" data-widget_type=\"text-editor.default\">\n\t\t\t\t\t\t\t\t\t<h6 style=\"text-align: center;\"><strong>\u201c<em>Guarde sempre no cora\u00e7\u00e3o as palavras que hoje eu lhe dou. Repita-as com frequ\u00eancia a seus filhos. Converse a respeito delas quando estiver em casa e quando estiver caminhando, quando se deitar e quando se levantar.\u201d<\/br><\/em><em>\u00a0Deuteron\u00f4mio 6. 6-7<\/em><\/strong><\/h6>\t\t\t\t\t\t\t\t<\/div>\n\t\t\t\t\t<\/div>\n\t\t\t\t<\/div>\n\t\t\t\t<\/div>\n\t\t","protected":false},"excerpt":{"rendered":"<p>Ensino Religioso O Componente curricular do Ensino Religioso tem um direcionamento exclusivamente pautado em princ\u00edpios e valores ensinados por Jesus Cristo, conforme expressos na Palavra de Deus.\u00a0Com base em cinco pilares fundantes: 01. Deus como soberano, criador e sustentador do universo; Apresentar Deus como aquele que tem todo o poder para dirigir, criar e manter [&hellip;]<\/p>\n","protected":false},"author":1,"featured_media":0,"parent":0,"menu_order":0,"comment_status":"closed","ping_status":"closed","template":"","meta":{"_monsterinsights_skip_tracking":false,"_monsterinsights_sitenote_active":false,"_monsterinsights_sitenote_note":"","_monsterinsights_sitenote_category":0,"footnotes":""},"class_list":["post-1335","page","type-page","status-publish","hentry"],"_links":{"self":[{"href":"https:\/\/americanobatista.com.br\/landing-page\/wp-json\/wp\/v2\/pages\/1335","targetHints":{"allow":["GET"]}}],"collection":[{"href":"https:\/\/americanobatista.com.br\/landing-page\/wp-json\/wp\/v2\/pages"}],"about":[{"href":"https:\/\/americanobatista.com.br\/landing-page\/wp-json\/wp\/v2\/types\/page"}],"author":[{"embeddable":true,"href":"https:\/\/americanobatista.com.br\/landing-page\/wp-json\/wp\/v2\/users\/1"}],"replies":[{"embeddable":true,"href":"https:\/\/americanobatista.com.br\/landing-page\/wp-json\/wp\/v2\/comments?post=1335"}],"version-history":[{"count":0,"href":"https:\/\/americanobatista.com.br\/landing-page\/wp-json\/wp\/v2\/pages\/1335\/revisions"}],"wp:attachment":[{"href":"https:\/\/americanobatista.com.br\/landing-page\/wp-json\/wp\/v2\/media?parent=1335"}],"curies":[{"name":"wp","href":"https:\/\/api.w.org\/{rel}","templated":true}]}}