{"id":1340,"date":"2025-07-14T02:05:29","date_gmt":"2025-07-14T02:05:29","guid":{"rendered":"https:\/\/americanobatista.com.br\/landing-page\/?page_id=1340"},"modified":"2025-09-04T02:52:19","modified_gmt":"2025-09-04T02:52:19","slug":"infantil","status":"publish","type":"page","link":"https:\/\/americanobatista.com.br\/landing-page\/infantil\/","title":{"rendered":"Infantil"},"content":{"rendered":"\t\t<div data-elementor-type=\"wp-page\" data-elementor-id=\"1340\" class=\"elementor elementor-1340\">\n\t\t\t\t<div class=\"elementor-element elementor-element-38659f4 e-flex e-con-boxed e-con e-parent\" data-id=\"38659f4\" data-element_type=\"container\">\n\t\t\t\t\t<div class=\"e-con-inner\">\n\t\t\t\t<div class=\"elementor-element elementor-element-b5e59e5 elementor-widget elementor-widget-image\" data-id=\"b5e59e5\" data-element_type=\"widget\" data-widget_type=\"image.default\">\n\t\t\t\t\t\t\t\t\t\t\t\t\t\t\t<img fetchpriority=\"high\" decoding=\"async\" width=\"2560\" height=\"847\" src=\"https:\/\/americanobatista.com.br\/landing-page\/wp-content\/uploads\/2025\/09\/baners-site_ED-INFANTIL2-scaled.jpg\" class=\"attachment-full size-full wp-image-2520\" alt=\"\" srcset=\"https:\/\/americanobatista.com.br\/landing-page\/wp-content\/uploads\/2025\/09\/baners-site_ED-INFANTIL2-scaled.jpg 2560w, https:\/\/americanobatista.com.br\/landing-page\/wp-content\/uploads\/2025\/09\/baners-site_ED-INFANTIL2-300x99.jpg 300w, https:\/\/americanobatista.com.br\/landing-page\/wp-content\/uploads\/2025\/09\/baners-site_ED-INFANTIL2-1024x339.jpg 1024w, https:\/\/americanobatista.com.br\/landing-page\/wp-content\/uploads\/2025\/09\/baners-site_ED-INFANTIL2-768x254.jpg 768w, https:\/\/americanobatista.com.br\/landing-page\/wp-content\/uploads\/2025\/09\/baners-site_ED-INFANTIL2-1536x508.jpg 1536w, https:\/\/americanobatista.com.br\/landing-page\/wp-content\/uploads\/2025\/09\/baners-site_ED-INFANTIL2-2048x677.jpg 2048w\" sizes=\"(max-width: 2560px) 100vw, 2560px\" \/>\t\t\t\t\t\t\t\t\t\t\t\t\t\t\t<\/div>\n\t\t\t\t\t<\/div>\n\t\t\t\t<\/div>\n\t\t<div class=\"elementor-element elementor-element-70e3578 e-flex e-con-boxed e-con e-parent\" data-id=\"70e3578\" data-element_type=\"container\">\n\t\t\t\t\t<div class=\"e-con-inner\">\n\t\t<div class=\"elementor-element elementor-element-7ebd9f6 e-con-full e-flex e-con e-child\" data-id=\"7ebd9f6\" data-element_type=\"container\">\n\t\t\t\t<div class=\"elementor-element elementor-element-25e93c8 elementor-widget elementor-widget-text-editor\" data-id=\"25e93c8\" data-element_type=\"widget\" data-widget_type=\"text-editor.default\">\n\t\t\t\t\t\t\t\t\t<h4><strong>O Desenvolvimento dos Estudantes da Educa\u00e7\u00e3o Infantil aos Anos Iniciais do Ensino Fundamental<\/strong><\/h4><p>Na trajet\u00f3ria educacional das crian\u00e7as, cada etapa \u00e9 cuidadosamente planejada para promover aprendizagens significativas, respeitando os ritmos, interesses e necessidades de cada estudante. Em nossa escola, acompanhamos de perto esse processo, desde os primeiros anos na Educa\u00e7\u00e3o Infantil at\u00e9 os Anos Iniciais do Ensino Fundamental, com base nas diretrizes da Base Nacional Comum Curricular (BNCC).<\/p>\t\t\t\t\t\t\t\t<\/div>\n\t\t\t\t<\/div>\n\t\t<div class=\"elementor-element elementor-element-cf09398 e-con-full e-flex e-con e-child\" data-id=\"cf09398\" data-element_type=\"container\">\n\t\t\t\t<div class=\"elementor-element elementor-element-849aef5 elementor-widget elementor-widget-image\" data-id=\"849aef5\" data-element_type=\"widget\" data-widget_type=\"image.default\">\n\t\t\t\t\t\t\t\t\t\t\t\t\t\t\t<img decoding=\"async\" width=\"300\" height=\"300\" src=\"https:\/\/americanobatista.com.br\/landing-page\/wp-content\/uploads\/2025\/09\/Design-sem-nome-2-300x300.webp\" class=\"attachment-medium size-medium wp-image-2523\" alt=\"\" srcset=\"https:\/\/americanobatista.com.br\/landing-page\/wp-content\/uploads\/2025\/09\/Design-sem-nome-2-300x300.webp 300w, https:\/\/americanobatista.com.br\/landing-page\/wp-content\/uploads\/2025\/09\/Design-sem-nome-2-150x150.webp 150w, https:\/\/americanobatista.com.br\/landing-page\/wp-content\/uploads\/2025\/09\/Design-sem-nome-2.webp 500w\" sizes=\"(max-width: 300px) 100vw, 300px\" \/>\t\t\t\t\t\t\t\t\t\t\t\t\t\t\t<\/div>\n\t\t\t\t<\/div>\n\t\t\t\t\t<\/div>\n\t\t\t\t<\/div>\n\t\t<div class=\"elementor-element elementor-element-6076b94 e-flex e-con-boxed e-con e-parent\" data-id=\"6076b94\" data-element_type=\"container\">\n\t\t\t\t\t<div class=\"e-con-inner\">\n\t\t<div class=\"elementor-element elementor-element-658fdbd e-con-full e-flex e-con e-child\" data-id=\"658fdbd\" data-element_type=\"container\">\n\t\t\t\t<div class=\"elementor-element elementor-element-ca6705c elementor-widget elementor-widget-image\" data-id=\"ca6705c\" data-element_type=\"widget\" data-widget_type=\"image.default\">\n\t\t\t\t\t\t\t\t\t\t\t\t\t\t\t<img decoding=\"async\" width=\"300\" height=\"300\" src=\"https:\/\/americanobatista.com.br\/landing-page\/wp-content\/uploads\/2025\/09\/Design-sem-nome-300x300.webp\" class=\"attachment-medium size-medium wp-image-2522\" alt=\"\" srcset=\"https:\/\/americanobatista.com.br\/landing-page\/wp-content\/uploads\/2025\/09\/Design-sem-nome-300x300.webp 300w, https:\/\/americanobatista.com.br\/landing-page\/wp-content\/uploads\/2025\/09\/Design-sem-nome-150x150.webp 150w, https:\/\/americanobatista.com.br\/landing-page\/wp-content\/uploads\/2025\/09\/Design-sem-nome.webp 500w\" sizes=\"(max-width: 300px) 100vw, 300px\" \/>\t\t\t\t\t\t\t\t\t\t\t\t\t\t\t<\/div>\n\t\t\t\t<\/div>\n\t\t<div class=\"elementor-element elementor-element-8a1a351 e-con-full e-flex e-con e-child\" data-id=\"8a1a351\" data-element_type=\"container\">\n\t\t\t\t<div class=\"elementor-element elementor-element-3ed5673 elementor-widget elementor-widget-text-editor\" data-id=\"3ed5673\" data-element_type=\"widget\" data-widget_type=\"text-editor.default\">\n\t\t\t\t\t\t\t\t\t<p>O in\u00edcio das descobertas e aprendizagens.<br \/>A Educa\u00e7\u00e3o Infantil, voltada para crian\u00e7as de 0 a 5 anos, \u00e9 a primeira etapa da Educa\u00e7\u00e3o B\u00e1sica. Nela, o foco est\u00e1 no desenvolvimento integral dos pequenos \u2014 f\u00edsico, afetivo, social, intelectual e simb\u00f3lico \u2014 por meio de experi\u00eancias que envolvem brincadeiras, intera\u00e7\u00f5es e descobertas.<\/p><p>De acordo com a BNCC, o trabalho pedag\u00f3gico nessa fase \u00e9 organizado em campos de experi\u00eancia, que estimulam o desenvolvimento da linguagem, do corpo, da conviv\u00eancia, da imagina\u00e7\u00e3o e da express\u00e3o de emo\u00e7\u00f5es. Ao ingressarem na escola, muitas crian\u00e7as est\u00e3o iniciando a constru\u00e7\u00e3o da linguagem oral, aprendendo a conviver em grupo, a expressar desejos e sentimentos e a explorar o mundo ao seu redor.<\/p><p>Ao final dessa etapa, \u00e9 esperado que as crian\u00e7as estejam mais aut\u00f4nomas, comunicativas, curiosas, e capazes de resolver pequenos conflitos, expressar ideias e participar ativamente das propostas pedag\u00f3gicas.<\/p>\t\t\t\t\t\t\t\t<\/div>\n\t\t\t\t<\/div>\n\t\t\t\t\t<\/div>\n\t\t\t\t<\/div>\n\t\t\t\t<\/div>\n\t\t","protected":false},"excerpt":{"rendered":"<p>O Desenvolvimento dos Estudantes da Educa\u00e7\u00e3o Infantil aos Anos Iniciais do Ensino Fundamental Na trajet\u00f3ria educacional das crian\u00e7as, cada etapa \u00e9 cuidadosamente planejada para promover aprendizagens significativas, respeitando os ritmos, interesses e necessidades de cada estudante. Em nossa escola, acompanhamos de perto esse processo, desde os primeiros anos na Educa\u00e7\u00e3o Infantil at\u00e9 os Anos Iniciais [&hellip;]<\/p>\n","protected":false},"author":1,"featured_media":0,"parent":0,"menu_order":0,"comment_status":"closed","ping_status":"closed","template":"","meta":{"_monsterinsights_skip_tracking":false,"_monsterinsights_sitenote_active":false,"_monsterinsights_sitenote_note":"","_monsterinsights_sitenote_category":0,"footnotes":""},"class_list":["post-1340","page","type-page","status-publish","hentry"],"_links":{"self":[{"href":"https:\/\/americanobatista.com.br\/landing-page\/wp-json\/wp\/v2\/pages\/1340","targetHints":{"allow":["GET"]}}],"collection":[{"href":"https:\/\/americanobatista.com.br\/landing-page\/wp-json\/wp\/v2\/pages"}],"about":[{"href":"https:\/\/americanobatista.com.br\/landing-page\/wp-json\/wp\/v2\/types\/page"}],"author":[{"embeddable":true,"href":"https:\/\/americanobatista.com.br\/landing-page\/wp-json\/wp\/v2\/users\/1"}],"replies":[{"embeddable":true,"href":"https:\/\/americanobatista.com.br\/landing-page\/wp-json\/wp\/v2\/comments?post=1340"}],"version-history":[{"count":0,"href":"https:\/\/americanobatista.com.br\/landing-page\/wp-json\/wp\/v2\/pages\/1340\/revisions"}],"wp:attachment":[{"href":"https:\/\/americanobatista.com.br\/landing-page\/wp-json\/wp\/v2\/media?parent=1340"}],"curies":[{"name":"wp","href":"https:\/\/api.w.org\/{rel}","templated":true}]}}