{"id":1344,"date":"2025-07-14T02:06:10","date_gmt":"2025-07-14T02:06:10","guid":{"rendered":"https:\/\/americanobatista.com.br\/landing-page\/?page_id=1344"},"modified":"2025-09-03T13:27:52","modified_gmt":"2025-09-03T13:27:52","slug":"anos-iniciais","status":"publish","type":"page","link":"https:\/\/americanobatista.com.br\/landing-page\/anos-iniciais\/","title":{"rendered":"Anos Iniciais"},"content":{"rendered":"\t\t<div data-elementor-type=\"wp-page\" data-elementor-id=\"1344\" class=\"elementor elementor-1344\">\n\t\t\t\t<div class=\"elementor-element elementor-element-69e9388 e-flex e-con-boxed e-con e-parent\" data-id=\"69e9388\" data-element_type=\"container\">\n\t\t\t\t\t<div class=\"e-con-inner\">\n\t\t\t\t<div class=\"elementor-element elementor-element-31b926c elementor-widget__width-inherit elementor-widget elementor-widget-image\" data-id=\"31b926c\" data-element_type=\"widget\" data-widget_type=\"image.default\">\n\t\t\t\t\t\t\t\t\t\t\t\t\t\t\t<img fetchpriority=\"high\" decoding=\"async\" width=\"2560\" height=\"847\" src=\"https:\/\/americanobatista.com.br\/landing-page\/wp-content\/uploads\/2025\/09\/baners-site_Ef12-_1_-scaled.webp\" class=\"attachment-full size-full wp-image-2767\" alt=\"\" srcset=\"https:\/\/americanobatista.com.br\/landing-page\/wp-content\/uploads\/2025\/09\/baners-site_Ef12-_1_-scaled.webp 2560w, https:\/\/americanobatista.com.br\/landing-page\/wp-content\/uploads\/2025\/09\/baners-site_Ef12-_1_-300x99.webp 300w, https:\/\/americanobatista.com.br\/landing-page\/wp-content\/uploads\/2025\/09\/baners-site_Ef12-_1_-1024x339.webp 1024w, https:\/\/americanobatista.com.br\/landing-page\/wp-content\/uploads\/2025\/09\/baners-site_Ef12-_1_-768x254.webp 768w, https:\/\/americanobatista.com.br\/landing-page\/wp-content\/uploads\/2025\/09\/baners-site_Ef12-_1_-1536x508.webp 1536w, https:\/\/americanobatista.com.br\/landing-page\/wp-content\/uploads\/2025\/09\/baners-site_Ef12-_1_-2048x677.webp 2048w\" sizes=\"(max-width: 2560px) 100vw, 2560px\" \/>\t\t\t\t\t\t\t\t\t\t\t\t\t\t\t<\/div>\n\t\t\t\t\t<\/div>\n\t\t\t\t<\/div>\n\t\t<div class=\"elementor-element elementor-element-6ceca3c e-flex e-con-boxed e-con e-parent\" data-id=\"6ceca3c\" data-element_type=\"container\">\n\t\t\t\t\t<div class=\"e-con-inner\">\n\t\t\t\t<div class=\"elementor-element elementor-element-263044d elementor-widget elementor-widget-text-editor\" data-id=\"263044d\" data-element_type=\"widget\" data-widget_type=\"text-editor.default\">\n\t\t\t\t\t\t\t\t\t<h2><b>Ensino Fundamental \u2013 Anos Iniciais: constru\u00e7\u00e3o de saberes<\/b><\/h2><p>Do 1\u00ba ao 5\u00ba ano, o Ensino Fundamental marca o in\u00edcio da escolariza\u00e7\u00e3o formal, com a sistematiza\u00e7\u00e3o dos conhecimentos em diferentes \u00e1reas. Aqui, os estudantes consolidam a alfabetiza\u00e7\u00e3o, desenvolvem o racioc\u00ednio l\u00f3gico, o pensamento cr\u00edtico e ampliam sua compreens\u00e3o sobre o mundo.<\/p><p>Segundo a BNCC, essa etapa visa \u00e0 forma\u00e7\u00e3o de sujeitos aut\u00f4nomos, respons\u00e1veis, solid\u00e1rios e com capacidade de aprender continuamente. Os componentes curriculares s\u00e3o trabalhados de forma integrada, promovendo a articula\u00e7\u00e3o entre teoria e pr\u00e1tica, linguagem e experi\u00eancia, saber e fazer.<\/p><p>Ao longo dessa fase, os estudantes:<\/p><ul><li aria-level=\"1\">Apropriam-se da leitura e da escrita com flu\u00eancia e compreens\u00e3o;<\/li><li aria-level=\"1\">Desenvolvem habilidades de resolu\u00e7\u00e3o de problemas matem\u00e1ticos;<\/li><li aria-level=\"1\">Investigam fen\u00f4menos naturais e sociais com curiosidade e senso cr\u00edtico;<\/li><li aria-level=\"1\">Desenvolver a empatia, o respeito e o senso de responsabilidade social;<\/li><li aria-level=\"1\">Expressam-se por meio da arte, do movimento e das tecnologias.<\/li><\/ul><p>Ao t\u00e9rmino do 5\u00ba ano, \u00e9 esperado que estejam mais aut\u00f4nomos, leitores e escritores competentes, com s\u00f3lida base nos conte\u00fados essenciais e preparados para os desafios das etapas seguintes.<\/p><p><b>Na nossa escola, acreditamos que educar \u00e9 mais do que transmitir conte\u00fados: \u00e9 acompanhar cada crian\u00e7a em seu processo de crescimento, valorizando suas conquistas, estimulando o protagonismo e garantindo o direito de aprender com alegria e significado dentro dos padr\u00f5es crist\u00e3os.<\/b><\/p>\t\t\t\t\t\t\t\t<\/div>\n\t\t\t\t\t<\/div>\n\t\t\t\t<\/div>\n\t\t\t\t<\/div>\n\t\t","protected":false},"excerpt":{"rendered":"<p>Ensino Fundamental \u2013 Anos Iniciais: constru\u00e7\u00e3o de saberes Do 1\u00ba ao 5\u00ba ano, o Ensino Fundamental marca o in\u00edcio da escolariza\u00e7\u00e3o formal, com a sistematiza\u00e7\u00e3o dos conhecimentos em diferentes \u00e1reas. Aqui, os estudantes consolidam a alfabetiza\u00e7\u00e3o, desenvolvem o racioc\u00ednio l\u00f3gico, o pensamento cr\u00edtico e ampliam sua compreens\u00e3o sobre o mundo. Segundo a BNCC, essa etapa [&hellip;]<\/p>\n","protected":false},"author":1,"featured_media":0,"parent":0,"menu_order":0,"comment_status":"closed","ping_status":"closed","template":"","meta":{"_monsterinsights_skip_tracking":false,"_monsterinsights_sitenote_active":false,"_monsterinsights_sitenote_note":"","_monsterinsights_sitenote_category":0,"footnotes":""},"class_list":["post-1344","page","type-page","status-publish","hentry"],"_links":{"self":[{"href":"https:\/\/americanobatista.com.br\/landing-page\/wp-json\/wp\/v2\/pages\/1344","targetHints":{"allow":["GET"]}}],"collection":[{"href":"https:\/\/americanobatista.com.br\/landing-page\/wp-json\/wp\/v2\/pages"}],"about":[{"href":"https:\/\/americanobatista.com.br\/landing-page\/wp-json\/wp\/v2\/types\/page"}],"author":[{"embeddable":true,"href":"https:\/\/americanobatista.com.br\/landing-page\/wp-json\/wp\/v2\/users\/1"}],"replies":[{"embeddable":true,"href":"https:\/\/americanobatista.com.br\/landing-page\/wp-json\/wp\/v2\/comments?post=1344"}],"version-history":[{"count":0,"href":"https:\/\/americanobatista.com.br\/landing-page\/wp-json\/wp\/v2\/pages\/1344\/revisions"}],"wp:attachment":[{"href":"https:\/\/americanobatista.com.br\/landing-page\/wp-json\/wp\/v2\/media?parent=1344"}],"curies":[{"name":"wp","href":"https:\/\/api.w.org\/{rel}","templated":true}]}}