{"id":1346,"date":"2025-07-14T02:06:26","date_gmt":"2025-07-14T02:06:26","guid":{"rendered":"https:\/\/americanobatista.com.br\/landing-page\/?page_id=1346"},"modified":"2025-09-03T13:06:58","modified_gmt":"2025-09-03T13:06:58","slug":"anos-finais","status":"publish","type":"page","link":"https:\/\/americanobatista.com.br\/landing-page\/anos-finais\/","title":{"rendered":"Anos Finais"},"content":{"rendered":"\t\t<div data-elementor-type=\"wp-page\" data-elementor-id=\"1346\" class=\"elementor elementor-1346\">\n\t\t\t\t<div class=\"elementor-element elementor-element-ec107d7 e-flex e-con-boxed e-con e-parent\" data-id=\"ec107d7\" data-element_type=\"container\">\n\t\t\t\t\t<div class=\"e-con-inner\">\n\t\t\t\t<div class=\"elementor-element elementor-element-c6873b6 elementor-widget elementor-widget-image\" data-id=\"c6873b6\" data-element_type=\"widget\" data-widget_type=\"image.default\">\n\t\t\t\t\t\t\t\t\t\t\t\t\t\t\t<img fetchpriority=\"high\" decoding=\"async\" width=\"2560\" height=\"847\" src=\"https:\/\/americanobatista.com.br\/landing-page\/wp-content\/uploads\/2025\/09\/baners-site_Ef22-2-scaled.webp\" class=\"attachment-full size-full wp-image-2753\" alt=\"\" srcset=\"https:\/\/americanobatista.com.br\/landing-page\/wp-content\/uploads\/2025\/09\/baners-site_Ef22-2-scaled.webp 2560w, https:\/\/americanobatista.com.br\/landing-page\/wp-content\/uploads\/2025\/09\/baners-site_Ef22-2-300x99.webp 300w, https:\/\/americanobatista.com.br\/landing-page\/wp-content\/uploads\/2025\/09\/baners-site_Ef22-2-1024x339.webp 1024w, https:\/\/americanobatista.com.br\/landing-page\/wp-content\/uploads\/2025\/09\/baners-site_Ef22-2-768x254.webp 768w, https:\/\/americanobatista.com.br\/landing-page\/wp-content\/uploads\/2025\/09\/baners-site_Ef22-2-1536x508.webp 1536w, https:\/\/americanobatista.com.br\/landing-page\/wp-content\/uploads\/2025\/09\/baners-site_Ef22-2-2048x677.webp 2048w\" sizes=\"(max-width: 2560px) 100vw, 2560px\" \/>\t\t\t\t\t\t\t\t\t\t\t\t\t\t\t<\/div>\n\t\t\t\t\t<\/div>\n\t\t\t\t<\/div>\n\t\t<div class=\"elementor-element elementor-element-2ad4f4b e-grid e-con-boxed e-con e-parent\" data-id=\"2ad4f4b\" data-element_type=\"container\">\n\t\t\t\t\t<div class=\"e-con-inner\">\n\t\t\t\t<div class=\"elementor-element elementor-element-1cbabd4 elementor-widget elementor-widget-text-editor\" data-id=\"1cbabd4\" data-element_type=\"widget\" data-widget_type=\"text-editor.default\">\n\t\t\t\t\t\t\t\t\t<div style=\"text-align: justify;\"><h2><strong>Fundamental Anos Finais:\u00a0<\/strong><\/h2><p><span style=\"font-weight: 400;\">Etapa da Educa\u00e7\u00e3o b\u00e1sica que corresponde do 6\u00ba ao 9\u00ba ano. Essa etapa \u00e9 crucial para o desenvolvimento dos estudantes no preparo para o Ensino M\u00e9dio. Nessa etapa ocorre a transi\u00e7\u00e3o da inf\u00e2ncia para a adolesc\u00eancia, trazendo consigo as mudan\u00e7as hormonais, f\u00edsicas emocionais e sociais significativas.<\/span><\/p><p><span style=\"font-weight: 400;\">Nesse segmento os estudantes continuam desenvolvendo as habilidades acad\u00eamicas, sociais e emocionais essenciais para o sucesso futuro, consolidando os conhecimentos adquiridos no Ensino Fundamental Anos Iniciais, tendo a possibilidade de aprofundar a compreens\u00e3o de conceitos mais complexos, desenvolver habilidades essenciais como pensamento cr\u00edtico, resolu\u00e7\u00e3o de problemas, comunica\u00e7\u00e3o eficaz e trabalho em equipe. \u00c9 uma etapa de prepara\u00e7\u00e3o para o Ensino M\u00e9dio, onde os estudantes ser\u00e3o desafiados a lidar com novas disciplinas, metodologias e expectativas. S\u00e3o preparados para vida adulta e ajudados a desenvolver habilidades e compet\u00eancias necess\u00e1rias para o sucesso profissional.<\/span><\/p><\/div>\t\t\t\t\t\t\t\t<\/div>\n\t\t\t\t<div class=\"elementor-element elementor-element-14579e9 elementor-widget elementor-widget-image\" data-id=\"14579e9\" data-element_type=\"widget\" data-widget_type=\"image.default\">\n\t\t\t\t\t\t\t\t\t\t\t\t\t\t\t<img decoding=\"async\" width=\"800\" height=\"534\" src=\"https:\/\/americanobatista.com.br\/landing-page\/wp-content\/uploads\/2025\/09\/CAB-085-_1_-1024x683.webp\" class=\"attachment-large size-large wp-image-2746\" alt=\"\" srcset=\"https:\/\/americanobatista.com.br\/landing-page\/wp-content\/uploads\/2025\/09\/CAB-085-_1_-1024x683.webp 1024w, https:\/\/americanobatista.com.br\/landing-page\/wp-content\/uploads\/2025\/09\/CAB-085-_1_-300x200.webp 300w, https:\/\/americanobatista.com.br\/landing-page\/wp-content\/uploads\/2025\/09\/CAB-085-_1_-768x512.webp 768w, https:\/\/americanobatista.com.br\/landing-page\/wp-content\/uploads\/2025\/09\/CAB-085-_1_-1536x1024.webp 1536w, https:\/\/americanobatista.com.br\/landing-page\/wp-content\/uploads\/2025\/09\/CAB-085-_1_-2048x1365.webp 2048w\" sizes=\"(max-width: 800px) 100vw, 800px\" \/>\t\t\t\t\t\t\t\t\t\t\t\t\t\t\t<\/div>\n\t\t\t\t\t<\/div>\n\t\t\t\t<\/div>\n\t\t\t\t<\/div>\n\t\t","protected":false},"excerpt":{"rendered":"<p>Fundamental Anos Finais:\u00a0 Etapa da Educa\u00e7\u00e3o b\u00e1sica que corresponde do 6\u00ba ao 9\u00ba ano. Essa etapa \u00e9 crucial para o desenvolvimento dos estudantes no preparo para o Ensino M\u00e9dio. Nessa etapa ocorre a transi\u00e7\u00e3o da inf\u00e2ncia para a adolesc\u00eancia, trazendo consigo as mudan\u00e7as hormonais, f\u00edsicas emocionais e sociais significativas. Nesse segmento os estudantes continuam desenvolvendo [&hellip;]<\/p>\n","protected":false},"author":1,"featured_media":0,"parent":0,"menu_order":0,"comment_status":"closed","ping_status":"closed","template":"elementor_header_footer","meta":{"_monsterinsights_skip_tracking":false,"_monsterinsights_sitenote_active":false,"_monsterinsights_sitenote_note":"","_monsterinsights_sitenote_category":0,"footnotes":""},"class_list":["post-1346","page","type-page","status-publish","hentry"],"_links":{"self":[{"href":"https:\/\/americanobatista.com.br\/landing-page\/wp-json\/wp\/v2\/pages\/1346","targetHints":{"allow":["GET"]}}],"collection":[{"href":"https:\/\/americanobatista.com.br\/landing-page\/wp-json\/wp\/v2\/pages"}],"about":[{"href":"https:\/\/americanobatista.com.br\/landing-page\/wp-json\/wp\/v2\/types\/page"}],"author":[{"embeddable":true,"href":"https:\/\/americanobatista.com.br\/landing-page\/wp-json\/wp\/v2\/users\/1"}],"replies":[{"embeddable":true,"href":"https:\/\/americanobatista.com.br\/landing-page\/wp-json\/wp\/v2\/comments?post=1346"}],"version-history":[{"count":0,"href":"https:\/\/americanobatista.com.br\/landing-page\/wp-json\/wp\/v2\/pages\/1346\/revisions"}],"wp:attachment":[{"href":"https:\/\/americanobatista.com.br\/landing-page\/wp-json\/wp\/v2\/media?parent=1346"}],"curies":[{"name":"wp","href":"https:\/\/api.w.org\/{rel}","templated":true}]}}