{"id":1363,"date":"2025-07-14T02:11:20","date_gmt":"2025-07-14T02:11:20","guid":{"rendered":"https:\/\/americanobatista.com.br\/landing-page\/?page_id=1363"},"modified":"2026-02-19T14:33:25","modified_gmt":"2026-02-19T14:33:25","slug":"inicio","status":"publish","type":"page","link":"https:\/\/americanobatista.com.br\/landing-page\/","title":{"rendered":"In\u00edcio"},"content":{"rendered":"\t\t<div data-elementor-type=\"wp-page\" data-elementor-id=\"1363\" class=\"elementor elementor-1363\">\n\t\t\t\t<div class=\"elementor-element elementor-element-0becdb3 e-flex e-con-boxed elementor-invisible e-con e-parent\" data-id=\"0becdb3\" data-element_type=\"container\" data-settings=\"{&quot;background_background&quot;:&quot;classic&quot;,&quot;animation&quot;:&quot;fadeIn&quot;}\">\n\t\t\t\t\t<div class=\"e-con-inner\">\n\t\t<div class=\"elementor-element elementor-element-8b03257 e-con-full e-flex e-con e-child\" data-id=\"8b03257\" data-element_type=\"container\">\n\t\t\t\t<div class=\"elementor-element elementor-element-c4a6d7e elementor-widget elementor-widget-video\" data-id=\"c4a6d7e\" data-element_type=\"widget\" data-settings=\"{&quot;youtube_url&quot;:&quot;https:\\\/\\\/www.youtube.com\\\/watch?v=WzOlgJ3OgyA&quot;,&quot;video_type&quot;:&quot;youtube&quot;,&quot;controls&quot;:&quot;yes&quot;}\" data-widget_type=\"video.default\">\n\t\t\t\t\t\t\t<div class=\"elementor-wrapper elementor-open-inline\">\n\t\t\t<div class=\"elementor-video\"><\/div>\t\t<\/div>\n\t\t\t\t\t\t<\/div>\n\t\t\t\t<\/div>\n\t\t<div class=\"elementor-element elementor-element-2963f95 e-con-full e-flex e-con e-child\" data-id=\"2963f95\" data-element_type=\"container\">\n\t\t\t\t<div class=\"elementor-element elementor-element-47d6b96 elementor-widget elementor-widget-text-editor\" data-id=\"47d6b96\" data-element_type=\"widget\" data-widget_type=\"text-editor.default\">\n\t\t\t\t\t\t\t\t\t<div data-id=\"1b72b75\" data-element_type=\"widget\" data-widget_type=\"heading.default\"><h2><strong><span style=\"color: #23395c;\">Vem ser <span style=\"color: #f26521;\">CAB<\/span><\/span><\/strong><\/h2><p data-start=\"213\" data-end=\"544\">Com mais de <strong data-start=\"225\" data-end=\"249\">119 anos de hist\u00f3ria<\/strong>, o <strong data-start=\"253\" data-end=\"282\">Col\u00e9gio Americano Batista<\/strong> \u00e9 refer\u00eancia em Pernambuco pela uni\u00e3o de tradi\u00e7\u00e3o, valores crist\u00e3os e excel\u00eancia acad\u00eamica. Ao longo de gera\u00e7\u00f5es, formamos alunos em um ambiente seguro, acolhedor e inspirador, onde cada crian\u00e7a e jovem pode sonhar, crescer e enfrentar desafios com confian\u00e7a.<\/p><p data-start=\"546\" data-end=\"806\">Nossa miss\u00e3o \u00e9 preparar cidad\u00e3os e l\u00edderes para transformar a sociedade. Sustentados por mais de um s\u00e9culo de experi\u00eancia, seguimos firmes em oferecer conhecimento s\u00f3lido, f\u00e9 e car\u00e1ter, formando vidas que refletem valores e conquistam resultados expressivos.<\/p><\/div>\t\t\t\t\t\t\t\t<\/div>\n\t\t\t\t<\/div>\n\t\t\t\t\t<\/div>\n\t\t\t\t<\/div>\n\t\t<div class=\"elementor-element elementor-element-2d415a7 e-transform e-flex e-con-boxed e-con e-parent\" data-id=\"2d415a7\" data-element_type=\"container\" data-settings=\"{&quot;background_background&quot;:&quot;classic&quot;,&quot;_transform_skewX_effect&quot;:{&quot;unit&quot;:&quot;px&quot;,&quot;size&quot;:0,&quot;sizes&quot;:[]},&quot;_transform_skewX_effect_tablet_extra&quot;:{&quot;unit&quot;:&quot;deg&quot;,&quot;size&quot;:&quot;&quot;,&quot;sizes&quot;:[]},&quot;_transform_skewX_effect_tablet&quot;:{&quot;unit&quot;:&quot;deg&quot;,&quot;size&quot;:&quot;&quot;,&quot;sizes&quot;:[]},&quot;_transform_skewX_effect_mobile&quot;:{&quot;unit&quot;:&quot;deg&quot;,&quot;size&quot;:&quot;&quot;,&quot;sizes&quot;:[]},&quot;_transform_skewY_effect&quot;:{&quot;unit&quot;:&quot;px&quot;,&quot;size&quot;:&quot;&quot;,&quot;sizes&quot;:[]},&quot;_transform_skewY_effect_tablet_extra&quot;:{&quot;unit&quot;:&quot;deg&quot;,&quot;size&quot;:&quot;&quot;,&quot;sizes&quot;:[]},&quot;_transform_skewY_effect_tablet&quot;:{&quot;unit&quot;:&quot;deg&quot;,&quot;size&quot;:&quot;&quot;,&quot;sizes&quot;:[]},&quot;_transform_skewY_effect_mobile&quot;:{&quot;unit&quot;:&quot;deg&quot;,&quot;size&quot;:&quot;&quot;,&quot;sizes&quot;:[]}}\">\n\t\t\t\t\t<div class=\"e-con-inner\">\n\t\t\t\t<div class=\"elementor-element elementor-element-78aca9b elementor-align-justify elementor-widget__width-inherit elementor-widget-tablet_extra__width-inherit elementor-invisible elementor-widget elementor-widget-button\" data-id=\"78aca9b\" data-element_type=\"widget\" data-settings=\"{&quot;sticky&quot;:&quot;top&quot;,&quot;_animation&quot;:&quot;fadeIn&quot;,&quot;sticky_on&quot;:[&quot;desktop&quot;,&quot;tablet_extra&quot;,&quot;tablet&quot;,&quot;mobile&quot;],&quot;sticky_offset&quot;:0,&quot;sticky_effects_offset&quot;:0}\" data-widget_type=\"button.default\">\n\t\t\t\t\t\t\t\t\t\t<a class=\"elementor-button elementor-button-link elementor-size-sm\" href=\"http:\/\/forms.gle\/HEMK48HsVFusjnBR9\" target=\"_blank\">\n\t\t\t\t\t\t<span class=\"elementor-button-content-wrapper\">\n\t\t\t\t\t\t\t\t\t<span class=\"elementor-button-text\">Matr\u00edculas Abertas<\/span>\n\t\t\t\t\t<\/span>\n\t\t\t\t\t<\/a>\n\t\t\t\t\t\t\t\t<\/div>\n\t\t\t\t\t<\/div>\n\t\t\t\t<\/div>\n\t\t<div class=\"elementor-element elementor-element-faba79b e-grid e-con-boxed elementor-invisible e-con e-parent\" data-id=\"faba79b\" data-element_type=\"container\" data-settings=\"{&quot;animation&quot;:&quot;fadeIn&quot;}\">\n\t\t\t\t\t<div class=\"e-con-inner\">\n\t\t\t\t<div class=\"elementor-element elementor-element-56c76e0 elementor-widget elementor-widget-image\" data-id=\"56c76e0\" data-element_type=\"widget\" data-settings=\"{&quot;_animation_tablet&quot;:&quot;fadeIn&quot;}\" data-widget_type=\"image.default\">\n\t\t\t\t\t\t\t\t\t\t\t\t\t\t\t\t<a href=\"https:\/\/americanobatista.com.br\/landing-page\/infantil\/\">\n\t\t\t\t\t\t\t<img fetchpriority=\"high\" decoding=\"async\" width=\"768\" height=\"1023\" src=\"https:\/\/americanobatista.com.br\/landing-page\/wp-content\/uploads\/2025\/09\/baners-site_ED-INFANTIL-768x1023-1.webp\" class=\"attachment-medium_large size-medium_large wp-image-2660\" alt=\"\" srcset=\"https:\/\/americanobatista.com.br\/landing-page\/wp-content\/uploads\/2025\/09\/baners-site_ED-INFANTIL-768x1023-1.webp 768w, https:\/\/americanobatista.com.br\/landing-page\/wp-content\/uploads\/2025\/09\/baners-site_ED-INFANTIL-768x1023-1-225x300.webp 225w\" sizes=\"(max-width: 768px) 100vw, 768px\" \/>\t\t\t\t\t\t\t\t<\/a>\n\t\t\t\t\t\t\t\t\t\t\t\t\t\t\t<\/div>\n\t\t\t\t<div class=\"elementor-element elementor-element-9d4dc2e elementor-widget elementor-widget-image\" data-id=\"9d4dc2e\" data-element_type=\"widget\" data-settings=\"{&quot;_animation_tablet&quot;:&quot;fadeIn&quot;}\" data-widget_type=\"image.default\">\n\t\t\t\t\t\t\t\t\t\t\t\t\t\t\t\t<a href=\"https:\/\/americanobatista.com.br\/landing-page\/anos-iniciais\/\" target=\"_blank\">\n\t\t\t\t\t\t\t<img decoding=\"async\" width=\"768\" height=\"1023\" src=\"https:\/\/americanobatista.com.br\/landing-page\/wp-content\/uploads\/2025\/09\/ENSINO-FUNDAMENTAL-1.webp\" class=\"attachment-large size-large wp-image-2663\" alt=\"\" srcset=\"https:\/\/americanobatista.com.br\/landing-page\/wp-content\/uploads\/2025\/09\/ENSINO-FUNDAMENTAL-1.webp 768w, https:\/\/americanobatista.com.br\/landing-page\/wp-content\/uploads\/2025\/09\/ENSINO-FUNDAMENTAL-1-225x300.webp 225w\" sizes=\"(max-width: 768px) 100vw, 768px\" \/>\t\t\t\t\t\t\t\t<\/a>\n\t\t\t\t\t\t\t\t\t\t\t\t\t\t\t<\/div>\n\t\t\t\t<div class=\"elementor-element elementor-element-a3f0cd7 elementor-widget elementor-widget-image\" data-id=\"a3f0cd7\" data-element_type=\"widget\" data-widget_type=\"image.default\">\n\t\t\t\t\t\t\t\t\t\t\t\t\t\t\t\t<a href=\"https:\/\/americanobatista.com.br\/landing-page\/anos-finais\/\">\n\t\t\t\t\t\t\t<img decoding=\"async\" width=\"768\" height=\"1024\" src=\"https:\/\/americanobatista.com.br\/landing-page\/wp-content\/uploads\/2025\/09\/baners-site_Ef1-768x1024.webp\" class=\"attachment-large size-large wp-image-2806\" alt=\"\" srcset=\"https:\/\/americanobatista.com.br\/landing-page\/wp-content\/uploads\/2025\/09\/baners-site_Ef1-768x1023.webp 768w, https:\/\/americanobatista.com.br\/landing-page\/wp-content\/uploads\/2025\/09\/baners-site_Ef1-225x300.webp 225w, https:\/\/americanobatista.com.br\/landing-page\/wp-content\/uploads\/2025\/09\/baners-site_Ef1.webp 800w\" sizes=\"(max-width: 768px) 100vw, 768px\" \/>\t\t\t\t\t\t\t\t<\/a>\n\t\t\t\t\t\t\t\t\t\t\t\t\t\t\t<\/div>\n\t\t\t\t<div class=\"elementor-element elementor-element-2925ec5 elementor-widget elementor-widget-image\" data-id=\"2925ec5\" data-element_type=\"widget\" data-widget_type=\"image.default\">\n\t\t\t\t\t\t\t\t\t\t\t\t\t\t\t\t<a href=\"https:\/\/americanobatista.com.br\/landing-page\/ensino-medio\/\">\n\t\t\t\t\t\t\t<img loading=\"lazy\" decoding=\"async\" width=\"768\" height=\"1024\" src=\"https:\/\/americanobatista.com.br\/landing-page\/wp-content\/uploads\/2025\/09\/baners-site_EM-768x1024.webp\" class=\"attachment-large size-large wp-image-2807\" alt=\"\" srcset=\"https:\/\/americanobatista.com.br\/landing-page\/wp-content\/uploads\/2025\/09\/baners-site_EM-768x1023.webp 768w, https:\/\/americanobatista.com.br\/landing-page\/wp-content\/uploads\/2025\/09\/baners-site_EM-225x300.webp 225w, https:\/\/americanobatista.com.br\/landing-page\/wp-content\/uploads\/2025\/09\/baners-site_EM.webp 800w\" sizes=\"(max-width: 768px) 100vw, 768px\" \/>\t\t\t\t\t\t\t\t<\/a>\n\t\t\t\t\t\t\t\t\t\t\t\t\t\t\t<\/div>\n\t\t\t\t\t<\/div>\n\t\t\t\t<\/div>\n\t\t\t\t<\/div>\n\t\t","protected":false},"excerpt":{"rendered":"<p>https:\/\/www.youtube.com\/watch?v=WzOlgJ3OgyA Vem ser CAB Com mais de 119 anos de hist\u00f3ria, o Col\u00e9gio Americano Batista \u00e9 refer\u00eancia em Pernambuco pela uni\u00e3o de tradi\u00e7\u00e3o, valores crist\u00e3os e excel\u00eancia acad\u00eamica. Ao longo de gera\u00e7\u00f5es, formamos alunos em um ambiente seguro, acolhedor e inspirador, onde cada crian\u00e7a e jovem pode sonhar, crescer e enfrentar desafios com confian\u00e7a. Nossa [&hellip;]<\/p>\n","protected":false},"author":1,"featured_media":1364,"parent":0,"menu_order":0,"comment_status":"closed","ping_status":"closed","template":"","meta":{"_monsterinsights_skip_tracking":false,"_monsterinsights_sitenote_active":false,"_monsterinsights_sitenote_note":"","_monsterinsights_sitenote_category":0,"footnotes":""},"class_list":["post-1363","page","type-page","status-publish","has-post-thumbnail","hentry"],"_links":{"self":[{"href":"https:\/\/americanobatista.com.br\/landing-page\/wp-json\/wp\/v2\/pages\/1363","targetHints":{"allow":["GET"]}}],"collection":[{"href":"https:\/\/americanobatista.com.br\/landing-page\/wp-json\/wp\/v2\/pages"}],"about":[{"href":"https:\/\/americanobatista.com.br\/landing-page\/wp-json\/wp\/v2\/types\/page"}],"author":[{"embeddable":true,"href":"https:\/\/americanobatista.com.br\/landing-page\/wp-json\/wp\/v2\/users\/1"}],"replies":[{"embeddable":true,"href":"https:\/\/americanobatista.com.br\/landing-page\/wp-json\/wp\/v2\/comments?post=1363"}],"version-history":[{"count":0,"href":"https:\/\/americanobatista.com.br\/landing-page\/wp-json\/wp\/v2\/pages\/1363\/revisions"}],"wp:featuredmedia":[{"embeddable":true,"href":"https:\/\/americanobatista.com.br\/landing-page\/wp-json\/wp\/v2\/media\/1364"}],"wp:attachment":[{"href":"https:\/\/americanobatista.com.br\/landing-page\/wp-json\/wp\/v2\/media?parent=1363"}],"curies":[{"name":"wp","href":"https:\/\/api.w.org\/{rel}","templated":true}]}}