{"id":1784,"date":"2025-07-21T04:35:45","date_gmt":"2025-07-21T04:35:45","guid":{"rendered":"https:\/\/americanobatista.com.br\/landing-page\/?page_id=1784"},"modified":"2025-09-03T13:51:02","modified_gmt":"2025-09-03T13:51:02","slug":"ensino-medio","status":"publish","type":"page","link":"https:\/\/americanobatista.com.br\/landing-page\/ensino-medio\/","title":{"rendered":"Ensino m\u00e9dio"},"content":{"rendered":"\t\t<div data-elementor-type=\"wp-page\" data-elementor-id=\"1784\" class=\"elementor elementor-1784\">\n\t\t\t\t<div class=\"elementor-element elementor-element-67b176c e-flex e-con-boxed e-con e-parent\" data-id=\"67b176c\" data-element_type=\"container\">\n\t\t\t\t\t<div class=\"e-con-inner\">\n\t\t\t\t<div class=\"elementor-element elementor-element-033bbbc elementor-widget elementor-widget-image\" data-id=\"033bbbc\" data-element_type=\"widget\" data-widget_type=\"image.default\">\n\t\t\t\t\t\t\t\t\t\t\t\t\t\t\t<img fetchpriority=\"high\" decoding=\"async\" width=\"2560\" height=\"859\" src=\"https:\/\/americanobatista.com.br\/landing-page\/wp-content\/uploads\/2025\/09\/baners-site_EM2-1-scaled.webp\" class=\"attachment-full size-full wp-image-2781\" alt=\"\" srcset=\"https:\/\/americanobatista.com.br\/landing-page\/wp-content\/uploads\/2025\/09\/baners-site_EM2-1-scaled.webp 2560w, https:\/\/americanobatista.com.br\/landing-page\/wp-content\/uploads\/2025\/09\/baners-site_EM2-1-300x101.webp 300w, https:\/\/americanobatista.com.br\/landing-page\/wp-content\/uploads\/2025\/09\/baners-site_EM2-1-1024x343.webp 1024w, https:\/\/americanobatista.com.br\/landing-page\/wp-content\/uploads\/2025\/09\/baners-site_EM2-1-768x258.webp 768w, https:\/\/americanobatista.com.br\/landing-page\/wp-content\/uploads\/2025\/09\/baners-site_EM2-1-1536x515.webp 1536w, https:\/\/americanobatista.com.br\/landing-page\/wp-content\/uploads\/2025\/09\/baners-site_EM2-1-2048x687.webp 2048w\" sizes=\"(max-width: 2560px) 100vw, 2560px\" \/>\t\t\t\t\t\t\t\t\t\t\t\t\t\t\t<\/div>\n\t\t\t\t\t<\/div>\n\t\t\t\t<\/div>\n\t\t<div class=\"elementor-element elementor-element-2ebe5eb e-flex e-con-boxed e-con e-parent\" data-id=\"2ebe5eb\" data-element_type=\"container\">\n\t\t\t\t\t<div class=\"e-con-inner\">\n\t\t<div class=\"elementor-element elementor-element-a9d5aff e-con-full e-flex e-con e-child\" data-id=\"a9d5aff\" data-element_type=\"container\">\n\t\t\t\t<div class=\"elementor-element elementor-element-edf5902 elementor-widget__width-initial elementor-widget elementor-widget-text-editor\" data-id=\"edf5902\" data-element_type=\"widget\" data-widget_type=\"text-editor.default\">\n\t\t\t\t\t\t\t\t\t<p>Nesse segmento, o objetivo \u00e9 proporcionar ao aluno rigor conceitual, conhecimento sistematizado, organiza\u00e7\u00e3o de estudos, seguran\u00e7a e confian\u00e7a nos resultados. Dessa forma, buscamos melhorar sua autoestima, responsabilidade e prepara\u00e7\u00e3o para a vida pr\u00e1tica, integrando o ser-fazer reflexivo, cr\u00edtico, aut\u00f4nomo e solid\u00e1rio. Ao final do Ensino M\u00e9dio, nosso aluno, al\u00e9m de estar preparado para enfrentar avalia\u00e7\u00f5es externas como o SSA e o ENEM, estar\u00e1 tamb\u00e9m pronto para ingressar no mundo do trabalho, uma vez que concluir\u00e1 um curso T\u00e9cnico Profissional.<\/p><p>Desenvolvemos nossas pr\u00e1ticas por meio de Metodologias Ativas, que impactar\u00e3o positivamente o resultado no ENEM. Isso ocorre porque tais metodologias fazem com que o aluno desenvolva habilidades essenciais para o exame, bem como autonomia e vis\u00e3o cr\u00edtica, preparando-o para essa importante avalia\u00e7\u00e3o ao longo de toda sua jornada escolar. Estimulamos o estudo e o trabalho aut\u00f4nomo, cr\u00edtico e criativo de forma individual e coletiva, levando nossos alunos a serem ativos e produtores do conhecimento.\u200b<\/p>\t\t\t\t\t\t\t\t<\/div>\n\t\t\t\t<\/div>\n\t\t<div class=\"elementor-element elementor-element-521719a e-con-full e-flex e-con e-child\" data-id=\"521719a\" data-element_type=\"container\">\n\t\t\t\t<div class=\"elementor-element elementor-element-6580028 elementor-widget elementor-widget-image\" data-id=\"6580028\" data-element_type=\"widget\" data-widget_type=\"image.default\">\n\t\t\t\t\t\t\t\t\t\t\t\t\t\t\t<img decoding=\"async\" width=\"2560\" height=\"1707\" src=\"https:\/\/americanobatista.com.br\/landing-page\/wp-content\/uploads\/2025\/09\/CAB-022-scaled.webp\" class=\"attachment-full size-full wp-image-2737\" alt=\"\" srcset=\"https:\/\/americanobatista.com.br\/landing-page\/wp-content\/uploads\/2025\/09\/CAB-022-scaled.webp 2560w, https:\/\/americanobatista.com.br\/landing-page\/wp-content\/uploads\/2025\/09\/CAB-022-300x200.webp 300w, https:\/\/americanobatista.com.br\/landing-page\/wp-content\/uploads\/2025\/09\/CAB-022-1024x683.webp 1024w, https:\/\/americanobatista.com.br\/landing-page\/wp-content\/uploads\/2025\/09\/CAB-022-768x512.webp 768w, https:\/\/americanobatista.com.br\/landing-page\/wp-content\/uploads\/2025\/09\/CAB-022-1536x1024.webp 1536w, https:\/\/americanobatista.com.br\/landing-page\/wp-content\/uploads\/2025\/09\/CAB-022-2048x1365.webp 2048w\" sizes=\"(max-width: 2560px) 100vw, 2560px\" \/>\t\t\t\t\t\t\t\t\t\t\t\t\t\t\t<\/div>\n\t\t\t\t<\/div>\n\t\t\t\t\t<\/div>\n\t\t\t\t<\/div>\n\t\t\t\t<\/div>\n\t\t","protected":false},"excerpt":{"rendered":"<p>Nesse segmento, o objetivo \u00e9 proporcionar ao aluno rigor conceitual, conhecimento sistematizado, organiza\u00e7\u00e3o de estudos, seguran\u00e7a e confian\u00e7a nos resultados. Dessa forma, buscamos melhorar sua autoestima, responsabilidade e prepara\u00e7\u00e3o para a vida pr\u00e1tica, integrando o ser-fazer reflexivo, cr\u00edtico, aut\u00f4nomo e solid\u00e1rio. Ao final do Ensino M\u00e9dio, nosso aluno, al\u00e9m de estar preparado para enfrentar avalia\u00e7\u00f5es [&hellip;]<\/p>\n","protected":false},"author":1,"featured_media":0,"parent":0,"menu_order":0,"comment_status":"closed","ping_status":"closed","template":"","meta":{"_monsterinsights_skip_tracking":false,"_monsterinsights_sitenote_active":false,"_monsterinsights_sitenote_note":"","_monsterinsights_sitenote_category":0,"footnotes":""},"class_list":["post-1784","page","type-page","status-publish","hentry"],"_links":{"self":[{"href":"https:\/\/americanobatista.com.br\/landing-page\/wp-json\/wp\/v2\/pages\/1784","targetHints":{"allow":["GET"]}}],"collection":[{"href":"https:\/\/americanobatista.com.br\/landing-page\/wp-json\/wp\/v2\/pages"}],"about":[{"href":"https:\/\/americanobatista.com.br\/landing-page\/wp-json\/wp\/v2\/types\/page"}],"author":[{"embeddable":true,"href":"https:\/\/americanobatista.com.br\/landing-page\/wp-json\/wp\/v2\/users\/1"}],"replies":[{"embeddable":true,"href":"https:\/\/americanobatista.com.br\/landing-page\/wp-json\/wp\/v2\/comments?post=1784"}],"version-history":[{"count":0,"href":"https:\/\/americanobatista.com.br\/landing-page\/wp-json\/wp\/v2\/pages\/1784\/revisions"}],"wp:attachment":[{"href":"https:\/\/americanobatista.com.br\/landing-page\/wp-json\/wp\/v2\/media?parent=1784"}],"curies":[{"name":"wp","href":"https:\/\/api.w.org\/{rel}","templated":true}]}}