{"id":1820,"date":"2025-07-21T05:07:28","date_gmt":"2025-07-21T05:07:28","guid":{"rendered":"https:\/\/americanobatista.com.br\/landing-page\/?page_id=1820"},"modified":"2025-09-10T17:05:54","modified_gmt":"2025-09-10T17:05:54","slug":"trabalhe-conosco","status":"publish","type":"page","link":"https:\/\/americanobatista.com.br\/landing-page\/trabalhe-conosco\/","title":{"rendered":"Trabalhe Conosco"},"content":{"rendered":"\t\t<div data-elementor-type=\"wp-page\" data-elementor-id=\"1820\" class=\"elementor elementor-1820\">\n\t\t\t\t<div class=\"elementor-element elementor-element-06dcc97 e-flex e-con-boxed e-con e-parent\" data-id=\"06dcc97\" data-element_type=\"container\">\n\t\t\t\t\t<div class=\"e-con-inner\">\n\t\t\t\t<div class=\"elementor-element elementor-element-760aa9d elementor-widget elementor-widget-image\" data-id=\"760aa9d\" data-element_type=\"widget\" data-widget_type=\"image.default\">\n\t\t\t\t\t\t\t\t\t\t\t\t\t\t\t<img fetchpriority=\"high\" decoding=\"async\" width=\"1600\" height=\"529\" src=\"https:\/\/americanobatista.com.br\/landing-page\/wp-content\/uploads\/2025\/09\/Imagem-do-WhatsApp-de-2025-08-25-a_s_-20.34.25_48589cba.webp\" class=\"attachment-full size-full wp-image-2798\" alt=\"\" srcset=\"https:\/\/americanobatista.com.br\/landing-page\/wp-content\/uploads\/2025\/09\/Imagem-do-WhatsApp-de-2025-08-25-a_s_-20.34.25_48589cba.webp 1600w, https:\/\/americanobatista.com.br\/landing-page\/wp-content\/uploads\/2025\/09\/Imagem-do-WhatsApp-de-2025-08-25-a_s_-20.34.25_48589cba-300x99.webp 300w, https:\/\/americanobatista.com.br\/landing-page\/wp-content\/uploads\/2025\/09\/Imagem-do-WhatsApp-de-2025-08-25-a_s_-20.34.25_48589cba-1024x339.webp 1024w, https:\/\/americanobatista.com.br\/landing-page\/wp-content\/uploads\/2025\/09\/Imagem-do-WhatsApp-de-2025-08-25-a_s_-20.34.25_48589cba-768x254.webp 768w, https:\/\/americanobatista.com.br\/landing-page\/wp-content\/uploads\/2025\/09\/Imagem-do-WhatsApp-de-2025-08-25-a_s_-20.34.25_48589cba-1536x508.webp 1536w\" sizes=\"(max-width: 1600px) 100vw, 1600px\" \/>\t\t\t\t\t\t\t\t\t\t\t\t\t\t\t<\/div>\n\t\t\t\t<div class=\"elementor-element elementor-element-24cf6f6 elementor-widget elementor-widget-text-editor\" data-id=\"24cf6f6\" data-element_type=\"widget\" data-widget_type=\"text-editor.default\">\n\t\t\t\t\t\t\t\t\t<p style=\"box-sizing: inherit; -webkit-font-smoothing: antialiased; margin: 0px 0px 15px; padding: 0px; border: 0px; font-variant-numeric: inherit; font-variant-east-asian: inherit; font-variant-alternates: inherit; font-variant-position: inherit; font-variant-emoji: inherit; font-stretch: inherit; font-size: 18px; line-height: inherit; font-family: 'Corisande Regular', Helvetica, Arial, sans-serif; font-optical-sizing: inherit; font-size-adjust: inherit; font-kerning: inherit; font-feature-settings: inherit; font-variation-settings: inherit; vertical-align: baseline; color: #222222;\">Acreditamos no prazer em servir como um diferencial em nosso posicionamento e reconhecemos a import\u00e2ncia de termos pessoas com ideias e compet\u00eancias diferentes. Al\u00e9m disso, buscamos profissionais que se identificam com nossa vis\u00e3o, miss\u00e3o e valores e estejam dispostos a viver os desafios propostos em equipe.<\/p><center style=\"box-sizing: inherit; -webkit-font-smoothing: antialiased; margin: 0px; padding: 0px; border: 0px; font-variant-numeric: inherit; font-variant-east-asian: inherit; font-variant-alternates: inherit; font-variant-position: inherit; font-variant-emoji: inherit; font-stretch: inherit; font-size: 18px; line-height: inherit; font-family: 'Corisande Regular', Helvetica, Arial, sans-serif; font-optical-sizing: inherit; font-size-adjust: inherit; font-kerning: inherit; font-feature-settings: inherit; font-variation-settings: inherit; vertical-align: baseline; color: #222222;\"><a style=\"box-sizing: inherit; color: #1373ad; -webkit-font-smoothing: antialiased; margin: 0px; padding: 0px; border: 0px; font: inherit; vertical-align: baseline; outline: 0px;\" href=\"mailto:curriculo@americanobatista.com.br\">curriculo@<\/a>americanobatista.com.br<\/center>\t\t\t\t\t\t\t\t<\/div>\n\t\t\t\t\t<\/div>\n\t\t\t\t<\/div>\n\t\t<div class=\"elementor-element elementor-element-2b2c0ea e-flex e-con-boxed e-con e-parent\" data-id=\"2b2c0ea\" data-element_type=\"container\">\n\t\t\t\t\t<div class=\"e-con-inner\">\n\t\t\t\t<div class=\"elementor-element elementor-element-90a6e45 elementor-widget__width-inherit elementor-widget-mobile__width-inherit elementor-widget elementor-widget-text-editor\" data-id=\"90a6e45\" data-element_type=\"widget\" data-widget_type=\"text-editor.default\">\n\t\t\t\t\t\t\t\t\t<h2 data-start=\"118\" data-end=\"181\"><span style=\"color: #122a68;\"><strong data-start=\"121\" data-end=\"179\">O Col\u00e9gio Americano Batista est\u00e1 recebendo curr\u00edculos!<\/strong><\/span><\/h2><p>O Col\u00e9gio Americano Batista, uma institui\u00e7\u00e3o com mais de 119 anos de tradi\u00e7\u00e3o em Pernambuco, est\u00e1 formando seu <b>Banco de Talentos<\/b> e te convida a fazer parte da nossa hist\u00f3ria. Estamos \u00e0 procura de profissionais qualificados e dedicados, que se alinhem com nossos valores e nossa miss\u00e3o de oferecer uma educa\u00e7\u00e3o de excel\u00eancia e forma\u00e7\u00e3o integral aos estudantes.<\/p><p>Buscamos pessoas comprometidas, que valorizam o desenvolvimento acad\u00eamico e pessoal, e que compartilham dos nossos <b>valores crist\u00e3os<\/b>.<\/p><p data-start=\"571\" data-end=\"660\">Venha fazer parte de uma hist\u00f3ria de tradi\u00e7\u00e3o e transforma\u00e7\u00e3o na educa\u00e7\u00e3o pernambucana.<\/p>\t\t\t\t\t\t\t\t<\/div>\n\t\t\t\t\t<\/div>\n\t\t\t\t<\/div>\n\t\t<div class=\"elementor-element elementor-element-e84b257 e-flex e-con-boxed e-con e-parent\" data-id=\"e84b257\" data-element_type=\"container\">\n\t\t\t\t\t<div class=\"e-con-inner\">\n\t\t\t\t<div class=\"elementor-element elementor-element-2535be4 elementor-widget__width-inherit elementor-widget elementor-widget-text-editor\" data-id=\"2535be4\" data-element_type=\"widget\" data-widget_type=\"text-editor.default\">\n\t\t\t\t\t\t\t\t\t<h4 data-start=\"163\" data-end=\"237\"><strong data-start=\"163\" data-end=\"235\"><span style=\"color: #000080;\">Vaga para Professores <\/span>\u2013<span style=\"color: #fc8112;\"> Ensino M\u00e9dio e Fundamental II (6\u00ba ao 9\u00ba ano)<\/span><\/strong><\/h4><h6 data-start=\"239\" data-end=\"256\"><strong data-start=\"239\" data-end=\"254\">Requisitos:<\/strong><\/h6><ul data-start=\"257\" data-end=\"469\"><li data-start=\"257\" data-end=\"403\"><h6 data-start=\"259\" data-end=\"403\">Forma\u00e7\u00e3o na \u00e1rea de conhecimento (ex.: Matem\u00e1tica, Portugu\u00eas, Ci\u00eancias, Hist\u00f3ria, Geografia, Qu\u00edmica, F\u00edsica, Biologia, Ingl\u00eas, dentre outras).<\/h6><\/li><li data-start=\"404\" data-end=\"469\"><h6 data-start=\"406\" data-end=\"469\">Experi\u00eancia m\u00ednima de <strong data-start=\"428\" data-end=\"438\">2 anos<\/strong> com turmas desses segmentos.<\/h6><\/li><\/ul><h6 data-start=\"471\" data-end=\"650\"><strong data-start=\"471\" data-end=\"497\">Como se candidatar:<\/strong><br data-start=\"497\" data-end=\"500\" \/>Envie seu curr\u00edculo para <a href=\"mailto:curriculo@americanobatista.com.br\"><b>curriculo@americanobatista.com.br<\/b><\/a><br data-start=\"562\" data-end=\"565\" \/>Assunto do e-mail: <strong data-start=\"587\" data-end=\"648\">Professor \u2013 M\u00e9dio\/Fundamental II\u00a0<\/strong><\/h6><hr \/><h4 data-start=\"712\" data-end=\"790\"><strong data-start=\"712\" data-end=\"788\"><span style=\"color: #000080;\">Vaga para Professores<\/span> \u2013 <span style=\"color: #fc8112;\">Educa\u00e7\u00e3o Infantil e Fundamental I (1\u00ba ao 5\u00ba ano)<\/span><\/strong><\/h4><h6 data-start=\"792\" data-end=\"809\"><strong data-start=\"792\" data-end=\"807\">Requisitos:<\/strong><\/h6><ul data-start=\"810\" data-end=\"931\"><li data-start=\"810\" data-end=\"860\"><h6 data-start=\"812\" data-end=\"860\">Forma\u00e7\u00e3o em <strong data-start=\"824\" data-end=\"837\">Pedagogia<\/strong><\/h6><\/li><li data-start=\"861\" data-end=\"931\"><h6 data-start=\"863\" data-end=\"931\">Experi\u00eancia m\u00ednima de <strong data-start=\"885\" data-end=\"895\">2 anos<\/strong> em sala de aula nesses segmentos.<\/h6><\/li><\/ul><h6 data-start=\"933\" data-end=\"1102\"><strong data-start=\"933\" data-end=\"959\">Como se candidatar:<\/strong><br data-start=\"959\" data-end=\"962\" \/>Envie seu curr\u00edculo para <a href=\"mailto:curriculo@americanobatista.com.br\"><b>curriculo@americanobatista.com.br<\/b><\/a><br data-start=\"1024\" data-end=\"1027\" \/>Assunto do e-mail: <strong data-start=\"1049\" data-end=\"1100\">Professor \u2013 Infantil\/Fundamental I\u00a0<\/strong><\/h6>\t\t\t\t\t\t\t\t<\/div>\n\t\t\t\t\t<\/div>\n\t\t\t\t<\/div>\n\t\t\t\t<\/div>\n\t\t","protected":false},"excerpt":{"rendered":"<p>Acreditamos no prazer em servir como um diferencial em nosso posicionamento e reconhecemos a import\u00e2ncia de termos pessoas com ideias e compet\u00eancias diferentes. Al\u00e9m disso, buscamos profissionais que se identificam com nossa vis\u00e3o, miss\u00e3o e valores e estejam dispostos a viver os desafios propostos em equipe. curriculo@americanobatista.com.br O Col\u00e9gio Americano Batista est\u00e1 recebendo curr\u00edculos! O [&hellip;]<\/p>\n","protected":false},"author":1,"featured_media":0,"parent":0,"menu_order":0,"comment_status":"closed","ping_status":"closed","template":"","meta":{"_monsterinsights_skip_tracking":false,"_monsterinsights_sitenote_active":false,"_monsterinsights_sitenote_note":"","_monsterinsights_sitenote_category":0,"footnotes":""},"class_list":["post-1820","page","type-page","status-publish","hentry"],"_links":{"self":[{"href":"https:\/\/americanobatista.com.br\/landing-page\/wp-json\/wp\/v2\/pages\/1820","targetHints":{"allow":["GET"]}}],"collection":[{"href":"https:\/\/americanobatista.com.br\/landing-page\/wp-json\/wp\/v2\/pages"}],"about":[{"href":"https:\/\/americanobatista.com.br\/landing-page\/wp-json\/wp\/v2\/types\/page"}],"author":[{"embeddable":true,"href":"https:\/\/americanobatista.com.br\/landing-page\/wp-json\/wp\/v2\/users\/1"}],"replies":[{"embeddable":true,"href":"https:\/\/americanobatista.com.br\/landing-page\/wp-json\/wp\/v2\/comments?post=1820"}],"version-history":[{"count":0,"href":"https:\/\/americanobatista.com.br\/landing-page\/wp-json\/wp\/v2\/pages\/1820\/revisions"}],"wp:attachment":[{"href":"https:\/\/americanobatista.com.br\/landing-page\/wp-json\/wp\/v2\/media?parent=1820"}],"curies":[{"name":"wp","href":"https:\/\/api.w.org\/{rel}","templated":true}]}}