{"id":2124,"date":"2025-08-27T11:24:27","date_gmt":"2025-08-27T11:24:27","guid":{"rendered":"https:\/\/americanobatista.com.br\/landing-page\/?page_id=2124"},"modified":"2025-09-03T11:58:26","modified_gmt":"2025-09-03T11:58:26","slug":"hino","status":"publish","type":"page","link":"https:\/\/americanobatista.com.br\/landing-page\/hino\/","title":{"rendered":"Hino"},"content":{"rendered":"\t\t<div data-elementor-type=\"wp-page\" data-elementor-id=\"2124\" class=\"elementor elementor-2124\">\n\t\t\t\t<div class=\"elementor-element elementor-element-e41500e e-flex e-con-boxed e-con e-parent\" data-id=\"e41500e\" data-element_type=\"container\">\n\t\t\t\t\t<div class=\"e-con-inner\">\n\t\t\t\t<div class=\"elementor-element elementor-element-e638685 elementor-widget elementor-widget-text-editor\" data-id=\"e638685\" data-element_type=\"widget\" data-widget_type=\"text-editor.default\">\n\t\t\t\t\t\t\t\t\t<blockquote><h4><strong>INSTITUCIONAL HINO<\/strong><\/h4><p>Hino do CAB<\/p><h6>Institucional <br \/>Letra: Stela C\u00e2mara de Dubois <br \/>M\u00fasica: Maestro Ant\u00f4nio F. de Alc\u00e2ntara<\/h6><h6>&#8212;<\/h6><h6>Para frente \u00f3 mocidade, <br \/>Cheia de f\u00e9 e de bondade! <br \/>Avancemos na peleja, <br \/>Tendo a vit\u00f3ria por certeza! <br \/>Nada nos abater\u00e1. <br \/>Cada qual aprender\u00e1 a vencer com paci\u00eancia, <br \/>Buscando em Deus a sapi\u00eancia!<\/h6><h6><strong>Refr\u00e3o <\/strong><br \/><strong>Ser\u00e1s, C.A.B., eternamente o nosso bem! <\/strong><br \/><strong>\u00d3 C.A.B., em nossas almas viver\u00e1s! <\/strong><br \/><strong>\u00d3 C.A.B., outras vit\u00f3rias inda v\u00eam, <\/strong><br \/><strong>\u00d3 C.A.B., tu permanecer\u00e1s!<\/strong><\/h6><h6>Em prol do bem e contra o v\u00edcio, <br \/>N\u00e3o poupemos sacrif\u00edcio! <br \/>Ser bom, ser justo e forte ser. <br \/>Tenhamos sempre por dever. <br \/>Seja o c\u00e9u o nosso abrigo, <br \/>E o livro o melhor amigo. <br \/>Assim nossa diretriz <br \/>Trar\u00e1 o orgulho do pa\u00eds.<\/h6><h6><br \/>Disciplina, esfor\u00e7o, estudo! <br \/>Em Jesus podemos tudo! <br \/>Investir na P\u00e1tria \u00e9 gl\u00f3ria <br \/>\u00c9 fazer parte da hist\u00f3ria! <br \/>Lutaremos cedo ou tarde <br \/>Sem temer dificuldade! <br \/>E daremos nosso brado: <br \/>\u201cDo Invenc\u00edvel sou soldado!\u201d<\/h6><\/blockquote>\t\t\t\t\t\t\t\t<\/div>\n\t\t\t\t\t<\/div>\n\t\t\t\t<\/div>\n\t\t\t\t<\/div>\n\t\t","protected":false},"excerpt":{"rendered":"<p>INSTITUCIONAL HINO Hino do CAB Institucional Letra: Stela C\u00e2mara de Dubois M\u00fasica: Maestro Ant\u00f4nio F. de Alc\u00e2ntara &#8212; Para frente \u00f3 mocidade, Cheia de f\u00e9 e de bondade! Avancemos na peleja, Tendo a vit\u00f3ria por certeza! Nada nos abater\u00e1. Cada qual aprender\u00e1 a vencer com paci\u00eancia, Buscando em Deus a sapi\u00eancia! Refr\u00e3o Ser\u00e1s, C.A.B., eternamente [&hellip;]<\/p>\n","protected":false},"author":1,"featured_media":0,"parent":0,"menu_order":0,"comment_status":"closed","ping_status":"closed","template":"","meta":{"_monsterinsights_skip_tracking":false,"_monsterinsights_sitenote_active":false,"_monsterinsights_sitenote_note":"","_monsterinsights_sitenote_category":0,"footnotes":""},"class_list":["post-2124","page","type-page","status-publish","hentry"],"_links":{"self":[{"href":"https:\/\/americanobatista.com.br\/landing-page\/wp-json\/wp\/v2\/pages\/2124","targetHints":{"allow":["GET"]}}],"collection":[{"href":"https:\/\/americanobatista.com.br\/landing-page\/wp-json\/wp\/v2\/pages"}],"about":[{"href":"https:\/\/americanobatista.com.br\/landing-page\/wp-json\/wp\/v2\/types\/page"}],"author":[{"embeddable":true,"href":"https:\/\/americanobatista.com.br\/landing-page\/wp-json\/wp\/v2\/users\/1"}],"replies":[{"embeddable":true,"href":"https:\/\/americanobatista.com.br\/landing-page\/wp-json\/wp\/v2\/comments?post=2124"}],"version-history":[{"count":0,"href":"https:\/\/americanobatista.com.br\/landing-page\/wp-json\/wp\/v2\/pages\/2124\/revisions"}],"wp:attachment":[{"href":"https:\/\/americanobatista.com.br\/landing-page\/wp-json\/wp\/v2\/media?parent=2124"}],"curies":[{"name":"wp","href":"https:\/\/api.w.org\/{rel}","templated":true}]}}